{"id":1065,"date":"2023-04-03T10:19:45","date_gmt":"2023-04-03T08:19:45","guid":{"rendered":"https:\/\/influenceetcontraste.com\/?page_id=1065"},"modified":"2023-05-03T09:55:25","modified_gmt":"2023-05-03T07:55:25","slug":"elementor-1065","status":"publish","type":"page","link":"https:\/\/influenceetcontraste.com\/?page_id=1065","title":{"rendered":"Chenaye &#8211; Salon &#038; Salle a manger"},"content":{"rendered":"\t\t<div data-elementor-type=\"wp-page\" data-elementor-id=\"1065\" class=\"elementor elementor-1065\">\n\t\t\t\t\t\t<section class=\"elementor-section elementor-top-section elementor-element elementor-element-542c326f elementor-section-boxed elementor-section-height-default elementor-section-height-default\" data-id=\"542c326f\" data-element_type=\"section\">\n\t\t\t\t\t\t<div class=\"elementor-container elementor-column-gap-default\">\n\t\t\t\t\t<div class=\"elementor-column elementor-col-100 elementor-top-column elementor-element elementor-element-3a2ef01d\" data-id=\"3a2ef01d\" data-element_type=\"column\">\n\t\t\t<div class=\"elementor-widget-wrap elementor-element-populated\">\n\t\t\t\t\t\t<div class=\"elementor-element elementor-element-6db898f1 elementor-widget elementor-widget-text-editor\" data-id=\"6db898f1\" data-element_type=\"widget\" data-widget_type=\"text-editor.default\">\n\t\t\t\t<div class=\"elementor-widget-container\">\n\t\t\t\t\t\t\t\t\t\n<div class=\"wp-block-themeisle-blocks-advanced-columns has-undefined-columns has-desktop-undefined-layout has-tablet-equal-layout has-mobile-equal-layout has-default-gap has-vertical-unset\" id=\"wp-block-themeisle-blocks-advanced-columns-afdd3b46\" style=\"border-width:0px;border-style:solid;border-color:#000000;border-radius:0px;justify-content:unset\"><div class=\"wp-themeisle-block-overlay\" style=\"opacity:0.5;mix-blend-mode:normal\"><\/div><div class=\"innerblocks-wrap\"><\/div><\/div>\n\t\t\t\t\t\t\t\t<\/div>\n\t\t\t\t<\/div>\n\t\t\t\t\t<\/div>\n\t\t<\/div>\n\t\t\t\t\t<\/div>\n\t\t<\/section>\n\t\t\t\t<section class=\"elementor-section elementor-top-section elementor-element elementor-element-5083dc33 elementor-section-boxed elementor-section-height-default elementor-section-height-default\" data-id=\"5083dc33\" data-element_type=\"section\">\n\t\t\t\t\t\t<div class=\"elementor-container elementor-column-gap-default\">\n\t\t\t\t\t<div class=\"elementor-column elementor-col-100 elementor-top-column elementor-element elementor-element-ecfdd7d\" data-id=\"ecfdd7d\" data-element_type=\"column\">\n\t\t\t<div class=\"elementor-widget-wrap elementor-element-populated\">\n\t\t\t\t\t\t<div class=\"elementor-element elementor-element-6599f0fd elementor-widget elementor-widget-text-editor\" data-id=\"6599f0fd\" data-element_type=\"widget\" data-widget_type=\"text-editor.default\">\n\t\t\t\t<div class=\"elementor-widget-container\">\n\t\t\t\t\t\t\t\t\t\n<div class=\"wp-block-themeisle-blocks-advanced-columns has-undefined-columns has-desktop-undefined-layout has-tablet-equal-layout has-mobile-equal-layout has-default-gap has-vertical-unset\" id=\"wp-block-themeisle-blocks-advanced-columns-be24f7b3\" style=\"border-width:0px;border-style:solid;border-color:#000000;border-radius:0px;justify-content:unset\"><div class=\"wp-themeisle-block-overlay\" style=\"opacity:0.5;mix-blend-mode:normal\"><\/div><div class=\"innerblocks-wrap\"><\/div><\/div>\n\t\t\t\t\t\t\t\t<\/div>\n\t\t\t\t<\/div>\n\t\t\t\t\t<\/div>\n\t\t<\/div>\n\t\t\t\t\t<\/div>\n\t\t<\/section>\n\t\t\t\t<section class=\"elementor-section elementor-top-section elementor-element elementor-element-22d26449 elementor-section-boxed elementor-section-height-default elementor-section-height-default\" data-id=\"22d26449\" data-element_type=\"section\" data-settings=\"{&quot;background_background&quot;:&quot;classic&quot;}\">\n\t\t\t\t\t\t<div class=\"elementor-container elementor-column-gap-default\">\n\t\t\t\t\t<div class=\"elementor-column elementor-col-100 elementor-top-column elementor-element elementor-element-4fea085e\" data-id=\"4fea085e\" data-element_type=\"column\">\n\t\t\t<div class=\"elementor-widget-wrap elementor-element-populated\">\n\t\t\t\t\t\t<div class=\"elementor-element elementor-element-638130ac elementor-widget elementor-widget-text-editor\" data-id=\"638130ac\" data-element_type=\"widget\" data-widget_type=\"text-editor.default\">\n\t\t\t\t<div class=\"elementor-widget-container\">\n\t\t\t\t\t\t\t\t\t<p>CHENAYE &#8211; Salon<\/p>\t\t\t\t\t\t\t\t<\/div>\n\t\t\t\t<\/div>\n\t\t\t\t<div class=\"elementor-element elementor-element-30cd9dd8 elementor-widget elementor-widget-text-editor\" data-id=\"30cd9dd8\" data-element_type=\"widget\" data-widget_type=\"text-editor.default\">\n\t\t\t\t<div class=\"elementor-widget-container\">\n\t\t\t\t\t\t\t\t\t<p>R\u00e9novation am\u00e9nagement et d\u00e9coration d\u2019un salon d&#8217;une maison nantaise.<\/p>\t\t\t\t\t\t\t\t<\/div>\n\t\t\t\t<\/div>\n\t\t\t\t<div class=\"elementor-element elementor-element-22ddb2db elementor-widget elementor-widget-image\" data-id=\"22ddb2db\" data-element_type=\"widget\" data-widget_type=\"image.default\">\n\t\t\t\t<div class=\"elementor-widget-container\">\n\t\t\t\t\t\t\t\t\t\t\t\t\t\t\t<img fetchpriority=\"high\" decoding=\"async\" width=\"2496\" height=\"3026\" src=\"https:\/\/influenceetcontraste.com\/wp-content\/uploads\/2023\/04\/Salon.jpg\" class=\"attachment-full size-full wp-image-1123\" alt=\"\" srcset=\"https:\/\/influenceetcontraste.com\/wp-content\/uploads\/2023\/04\/Salon.jpg 2496w, https:\/\/influenceetcontraste.com\/wp-content\/uploads\/2023\/04\/Salon-247x300.jpg 247w, https:\/\/influenceetcontraste.com\/wp-content\/uploads\/2023\/04\/Salon-768x931.jpg 768w, https:\/\/influenceetcontraste.com\/wp-content\/uploads\/2023\/04\/Salon-845x1024.jpg 845w\" sizes=\"(max-width: 2496px) 100vw, 2496px\" \/>\t\t\t\t\t\t\t\t\t\t\t\t\t\t\t<\/div>\n\t\t\t\t<\/div>\n\t\t\t\t\t<\/div>\n\t\t<\/div>\n\t\t\t\t\t<\/div>\n\t\t<\/section>\n\t\t\t\t<section class=\"elementor-section elementor-top-section elementor-element elementor-element-281c456d elementor-section-boxed elementor-section-height-default elementor-section-height-default\" data-id=\"281c456d\" data-element_type=\"section\" data-settings=\"{&quot;background_background&quot;:&quot;classic&quot;}\">\n\t\t\t\t\t\t<div class=\"elementor-container elementor-column-gap-default\">\n\t\t\t\t\t<div class=\"elementor-column elementor-col-100 elementor-top-column elementor-element elementor-element-1117bdff\" data-id=\"1117bdff\" data-element_type=\"column\">\n\t\t\t<div class=\"elementor-widget-wrap elementor-element-populated\">\n\t\t\t\t\t\t\t<\/div>\n\t\t<\/div>\n\t\t\t\t\t<\/div>\n\t\t<\/section>\n\t\t\t\t<section class=\"elementor-section elementor-top-section elementor-element elementor-element-517af627 elementor-section-content-middle elementor-section-boxed elementor-section-height-default elementor-section-height-default\" data-id=\"517af627\" data-element_type=\"section\">\n\t\t\t\t\t\t<div class=\"elementor-container elementor-column-gap-default\">\n\t\t\t\t\t<div class=\"elementor-column elementor-col-50 elementor-top-column elementor-element elementor-element-4b891a13\" data-id=\"4b891a13\" data-element_type=\"column\">\n\t\t\t<div class=\"elementor-widget-wrap elementor-element-populated\">\n\t\t\t\t\t\t<div class=\"elementor-element elementor-element-647faf9c elementor-widget elementor-widget-heading\" data-id=\"647faf9c\" data-element_type=\"widget\" data-widget_type=\"heading.default\">\n\t\t\t\t<div class=\"elementor-widget-container\">\n\t\t\t\t\t<h3 class=\"elementor-heading-title elementor-size-large\">Avant<\/h3>\t\t\t\t<\/div>\n\t\t\t\t<\/div>\n\t\t\t\t<div class=\"elementor-element elementor-element-78524537 elementor-widget elementor-widget-text-editor\" data-id=\"78524537\" data-element_type=\"widget\" data-widget_type=\"text-editor.default\">\n\t\t\t\t<div class=\"elementor-widget-container\">\n\t\t\t\t\t\t\t\t\t<p>Exit les ann\u00e9es 70 !<\/p>\t\t\t\t\t\t\t\t<\/div>\n\t\t\t\t<\/div>\n\t\t\t\t\t<\/div>\n\t\t<\/div>\n\t\t\t\t<div class=\"elementor-column elementor-col-50 elementor-top-column elementor-element elementor-element-37fd15fc\" data-id=\"37fd15fc\" data-element_type=\"column\">\n\t\t\t<div class=\"elementor-widget-wrap elementor-element-populated\">\n\t\t\t\t\t\t<div class=\"elementor-element elementor-element-497f439a elementor-widget elementor-widget-image\" data-id=\"497f439a\" data-element_type=\"widget\" data-widget_type=\"image.default\">\n\t\t\t\t<div class=\"elementor-widget-container\">\n\t\t\t\t\t\t\t\t\t\t\t\t\t\t\t<img decoding=\"async\" width=\"1024\" height=\"768\" src=\"https:\/\/influenceetcontraste.com\/wp-content\/uploads\/2023\/04\/7F9279FC-9FA9-448D-9D68-2EB0DA82658E_1_105_c.jpeg\" class=\"attachment-full size-full wp-image-1094\" alt=\"\" srcset=\"https:\/\/influenceetcontraste.com\/wp-content\/uploads\/2023\/04\/7F9279FC-9FA9-448D-9D68-2EB0DA82658E_1_105_c.jpeg 1024w, https:\/\/influenceetcontraste.com\/wp-content\/uploads\/2023\/04\/7F9279FC-9FA9-448D-9D68-2EB0DA82658E_1_105_c-300x225.jpeg 300w, https:\/\/influenceetcontraste.com\/wp-content\/uploads\/2023\/04\/7F9279FC-9FA9-448D-9D68-2EB0DA82658E_1_105_c-768x576.jpeg 768w\" sizes=\"(max-width: 1024px) 100vw, 1024px\" \/>\t\t\t\t\t\t\t\t\t\t\t\t\t\t\t<\/div>\n\t\t\t\t<\/div>\n\t\t\t\t\t<\/div>\n\t\t<\/div>\n\t\t\t\t\t<\/div>\n\t\t<\/section>\n\t\t\t\t<section class=\"elementor-section elementor-top-section elementor-element elementor-element-61896f0d elementor-section-content-middle elementor-reverse-mobile elementor-section-boxed elementor-section-height-default elementor-section-height-default\" data-id=\"61896f0d\" data-element_type=\"section\">\n\t\t\t\t\t\t<div class=\"elementor-container elementor-column-gap-default\">\n\t\t\t\t\t<div class=\"elementor-column elementor-col-50 elementor-top-column elementor-element elementor-element-433e22e3\" data-id=\"433e22e3\" data-element_type=\"column\">\n\t\t\t<div class=\"elementor-widget-wrap elementor-element-populated\">\n\t\t\t\t\t\t<div class=\"elementor-element elementor-element-50d5045a elementor-widget elementor-widget-image\" data-id=\"50d5045a\" data-element_type=\"widget\" data-widget_type=\"image.default\">\n\t\t\t\t<div class=\"elementor-widget-container\">\n\t\t\t\t\t\t\t\t\t\t\t\t\t\t\t<img decoding=\"async\" width=\"2890\" height=\"2085\" src=\"https:\/\/influenceetcontraste.com\/wp-content\/uploads\/2023\/04\/Moodboard-SalonSAM.jpg\" class=\"attachment-full size-full wp-image-1098\" alt=\"\" srcset=\"https:\/\/influenceetcontraste.com\/wp-content\/uploads\/2023\/04\/Moodboard-SalonSAM.jpg 2890w, https:\/\/influenceetcontraste.com\/wp-content\/uploads\/2023\/04\/Moodboard-SalonSAM-300x216.jpg 300w, https:\/\/influenceetcontraste.com\/wp-content\/uploads\/2023\/04\/Moodboard-SalonSAM-768x554.jpg 768w, https:\/\/influenceetcontraste.com\/wp-content\/uploads\/2023\/04\/Moodboard-SalonSAM-1024x739.jpg 1024w\" sizes=\"(max-width: 2890px) 100vw, 2890px\" \/>\t\t\t\t\t\t\t\t\t\t\t\t\t\t\t<\/div>\n\t\t\t\t<\/div>\n\t\t\t\t\t<\/div>\n\t\t<\/div>\n\t\t\t\t<div class=\"elementor-column elementor-col-50 elementor-top-column elementor-element elementor-element-d6fadd0\" data-id=\"d6fadd0\" data-element_type=\"column\">\n\t\t\t<div class=\"elementor-widget-wrap elementor-element-populated\">\n\t\t\t\t\t\t<div class=\"elementor-element elementor-element-7f4079a2 elementor-widget elementor-widget-heading\" data-id=\"7f4079a2\" data-element_type=\"widget\" data-widget_type=\"heading.default\">\n\t\t\t\t<div class=\"elementor-widget-container\">\n\t\t\t\t\t<h3 class=\"elementor-heading-title elementor-size-large\">Planche Inspiration<\/h3>\t\t\t\t<\/div>\n\t\t\t\t<\/div>\n\t\t\t\t\t<\/div>\n\t\t<\/div>\n\t\t\t\t\t<\/div>\n\t\t<\/section>\n\t\t\t\t<section class=\"elementor-section elementor-top-section elementor-element elementor-element-4275e3f4 elementor-section-content-middle elementor-section-boxed elementor-section-height-default elementor-section-height-default\" data-id=\"4275e3f4\" data-element_type=\"section\" data-settings=\"{&quot;background_background&quot;:&quot;classic&quot;}\">\n\t\t\t\t\t\t<div class=\"elementor-container elementor-column-gap-default\">\n\t\t\t\t\t<div class=\"elementor-column elementor-col-50 elementor-top-column elementor-element elementor-element-36d89706\" data-id=\"36d89706\" data-element_type=\"column\">\n\t\t\t<div class=\"elementor-widget-wrap elementor-element-populated\">\n\t\t\t\t\t\t<div class=\"elementor-element elementor-element-297039ae elementor-widget elementor-widget-heading\" data-id=\"297039ae\" data-element_type=\"widget\" data-widget_type=\"heading.default\">\n\t\t\t\t<div class=\"elementor-widget-container\">\n\t\t\t\t\t<h3 class=\"elementor-heading-title elementor-size-large\">Planche 3D<br><\/h3>\t\t\t\t<\/div>\n\t\t\t\t<\/div>\n\t\t\t\t<div class=\"elementor-element elementor-element-741dbca8 elementor-widget elementor-widget-text-editor\" data-id=\"741dbca8\" data-element_type=\"widget\" data-widget_type=\"text-editor.default\">\n\t\t\t\t<div class=\"elementor-widget-container\">\n\t\t\t\t\t\t\t\t\t<p>Voici une projection de l&#8217;agencement et d\u00e9coration pour ce salon.<\/p>\t\t\t\t\t\t\t\t<\/div>\n\t\t\t\t<\/div>\n\t\t\t\t\t<\/div>\n\t\t<\/div>\n\t\t\t\t<div class=\"elementor-column elementor-col-50 elementor-top-column elementor-element elementor-element-1ac34505\" data-id=\"1ac34505\" data-element_type=\"column\">\n\t\t\t<div class=\"elementor-widget-wrap elementor-element-populated\">\n\t\t\t\t\t\t<div class=\"elementor-element elementor-element-13da7df1 elementor-widget elementor-widget-image\" data-id=\"13da7df1\" data-element_type=\"widget\" data-widget_type=\"image.default\">\n\t\t\t\t<div class=\"elementor-widget-container\">\n\t\t\t\t\t\t\t\t\t\t\t\t\t\t\t<img loading=\"lazy\" decoding=\"async\" width=\"899\" height=\"555\" src=\"https:\/\/influenceetcontraste.com\/wp-content\/uploads\/2023\/04\/3D-SAlonSAM.jpg\" class=\"attachment-full size-full wp-image-1100\" alt=\"\" srcset=\"https:\/\/influenceetcontraste.com\/wp-content\/uploads\/2023\/04\/3D-SAlonSAM.jpg 899w, https:\/\/influenceetcontraste.com\/wp-content\/uploads\/2023\/04\/3D-SAlonSAM-300x185.jpg 300w, https:\/\/influenceetcontraste.com\/wp-content\/uploads\/2023\/04\/3D-SAlonSAM-768x474.jpg 768w\" sizes=\"(max-width: 899px) 100vw, 899px\" \/>\t\t\t\t\t\t\t\t\t\t\t\t\t\t\t<\/div>\n\t\t\t\t<\/div>\n\t\t\t\t\t<\/div>\n\t\t<\/div>\n\t\t\t\t\t<\/div>\n\t\t<\/section>\n\t\t\t\t<\/div>\n\t\t","protected":false},"excerpt":{"rendered":"<p>CHENAYE &#8211; Salon R\u00e9novation am\u00e9nagement et d\u00e9coration d\u2019un salon d&#8217;une maison nantaise. Avant Exit les ann\u00e9es 70 ! Planche Inspiration Planche 3D Voici une projection de l&#8217;agencement et d\u00e9coration pour ce salon.<\/p>\n","protected":false},"author":1,"featured_media":0,"parent":0,"menu_order":0,"comment_status":"closed","ping_status":"closed","template":"","meta":{"footnotes":""},"class_list":["post-1065","page","type-page","status-publish","hentry"],"_links":{"self":[{"href":"https:\/\/influenceetcontraste.com\/index.php?rest_route=\/wp\/v2\/pages\/1065","targetHints":{"allow":["GET"]}}],"collection":[{"href":"https:\/\/influenceetcontraste.com\/index.php?rest_route=\/wp\/v2\/pages"}],"about":[{"href":"https:\/\/influenceetcontraste.com\/index.php?rest_route=\/wp\/v2\/types\/page"}],"author":[{"embeddable":true,"href":"https:\/\/influenceetcontraste.com\/index.php?rest_route=\/wp\/v2\/users\/1"}],"replies":[{"embeddable":true,"href":"https:\/\/influenceetcontraste.com\/index.php?rest_route=%2Fwp%2Fv2%2Fcomments&post=1065"}],"version-history":[{"count":15,"href":"https:\/\/influenceetcontraste.com\/index.php?rest_route=\/wp\/v2\/pages\/1065\/revisions"}],"predecessor-version":[{"id":1228,"href":"https:\/\/influenceetcontraste.com\/index.php?rest_route=\/wp\/v2\/pages\/1065\/revisions\/1228"}],"wp:attachment":[{"href":"https:\/\/influenceetcontraste.com\/index.php?rest_route=%2Fwp%2Fv2%2Fmedia&parent=1065"}],"curies":[{"name":"wp","href":"https:\/\/api.w.org\/{rel}","templated":true}]}}