{"id":176,"date":"2019-11-01T08:52:35","date_gmt":"2019-11-01T07:52:35","guid":{"rendered":"http:\/\/influenceetcontraste.com\/?page_id=176"},"modified":"2023-03-29T11:54:22","modified_gmt":"2023-03-29T09:54:22","slug":"elementor-176","status":"publish","type":"page","link":"https:\/\/influenceetcontraste.com\/?page_id=176","title":{"rendered":"Prestations Particuliers"},"content":{"rendered":"\t\t<div data-elementor-type=\"wp-page\" data-elementor-id=\"176\" class=\"elementor elementor-176\">\n\t\t\t\t\t\t<section class=\"elementor-section elementor-top-section elementor-element elementor-element-b117ae0 elementor-section-boxed elementor-section-height-default elementor-section-height-default\" data-id=\"b117ae0\" data-element_type=\"section\">\n\t\t\t\t\t\t<div class=\"elementor-container elementor-column-gap-default\">\n\t\t\t\t\t<div class=\"elementor-column elementor-col-100 elementor-top-column elementor-element elementor-element-9e821bd\" data-id=\"9e821bd\" data-element_type=\"column\">\n\t\t\t<div class=\"elementor-widget-wrap elementor-element-populated\">\n\t\t\t\t\t\t<div class=\"elementor-element elementor-element-f516588 elementor-widget elementor-widget-spacer\" data-id=\"f516588\" data-element_type=\"widget\" data-widget_type=\"spacer.default\">\n\t\t\t\t<div class=\"elementor-widget-container\">\n\t\t\t\t\t\t\t<div class=\"elementor-spacer\">\n\t\t\t<div class=\"elementor-spacer-inner\"><\/div>\n\t\t<\/div>\n\t\t\t\t\t\t<\/div>\n\t\t\t\t<\/div>\n\t\t\t\t<div class=\"elementor-element elementor-element-95aca24 elementor-widget elementor-widget-heading\" data-id=\"95aca24\" data-element_type=\"widget\" data-widget_type=\"heading.default\">\n\t\t\t\t<div class=\"elementor-widget-container\">\n\t\t\t\t\t<h2 class=\"elementor-heading-title elementor-size-default\">Prestations<\/h2>\t\t\t\t<\/div>\n\t\t\t\t<\/div>\n\t\t\t\t<div class=\"elementor-element elementor-element-ba1888c elementor-widget elementor-widget-text-editor\" data-id=\"ba1888c\" data-element_type=\"widget\" data-widget_type=\"text-editor.default\">\n\t\t\t\t<div class=\"elementor-widget-container\">\n\t\t\t\t\t\t\t\t\t<p>Vous avez un projet, je vous propose des conseils d\u00e9co personnalis\u00e9s pour apporter style et confort \u00e0 votre int\u00e9rieur, association de couleurs, shopping liste , croquis 3 D&#8230;<\/p>\t\t\t\t\t\t\t\t<\/div>\n\t\t\t\t<\/div>\n\t\t\t\t\t<\/div>\n\t\t<\/div>\n\t\t\t\t\t<\/div>\n\t\t<\/section>\n\t\t\t\t<section class=\"elementor-section elementor-top-section elementor-element elementor-element-af4a6d5 elementor-section-boxed elementor-section-height-default elementor-section-height-default\" data-id=\"af4a6d5\" data-element_type=\"section\">\n\t\t\t\t\t\t<div class=\"elementor-container elementor-column-gap-default\">\n\t\t\t\t\t<div class=\"elementor-column elementor-col-100 elementor-top-column elementor-element elementor-element-68a2035\" data-id=\"68a2035\" data-element_type=\"column\">\n\t\t\t<div class=\"elementor-widget-wrap elementor-element-populated\">\n\t\t\t\t\t\t<div class=\"elementor-element elementor-element-7ea7d0d elementor-widget elementor-widget-heading\" data-id=\"7ea7d0d\" data-element_type=\"widget\" data-widget_type=\"heading.default\">\n\t\t\t\t<div class=\"elementor-widget-container\">\n\t\t\t\t\t<h5 class=\"elementor-heading-title elementor-size-default\">RV chez vous 2H : 250\u20ac ttc<\/h5>\t\t\t\t<\/div>\n\t\t\t\t<\/div>\n\t\t\t\t<div class=\"elementor-element elementor-element-4bb8547 elementor-widget elementor-widget-text-editor\" data-id=\"4bb8547\" data-element_type=\"widget\" data-widget_type=\"text-editor.default\">\n\t\t\t\t<div class=\"elementor-widget-container\">\n\t\t\t\t\t\t\t\t\t<p>Nous \u00e9changeons sur votre projet de d\u00e9coration d\u2019int\u00e9rieur ( envie , inspiration, budget &#8230;).R\u00e9alisation d\u2019un m\u00e9tr\u00e9 ainsi qu\u2019un reportage photo pour r\u00e9aliser votre projet.<\/p><h5 data-elementor-setting-key=\"title\" data-pen-placeholder=\"\u00c9crivez ici...\" style=\"line-height: 1; color: #a9a882; font-size: 23px; padding: 0px; text-align: left;\">Possibilit\u00e9 de RV sur votre lieu de travail\u00a0<\/h5>\t\t\t\t\t\t\t\t<\/div>\n\t\t\t\t<\/div>\n\t\t\t\t\t<\/div>\n\t\t<\/div>\n\t\t\t\t\t<\/div>\n\t\t<\/section>\n\t\t\t\t<section class=\"elementor-section elementor-top-section elementor-element elementor-element-1b32bd4f elementor-section-boxed elementor-section-height-default elementor-section-height-default\" data-id=\"1b32bd4f\" data-element_type=\"section\">\n\t\t\t\t\t\t<div class=\"elementor-container elementor-column-gap-default\">\n\t\t\t\t\t<div class=\"elementor-column elementor-col-100 elementor-top-column elementor-element elementor-element-66819822\" data-id=\"66819822\" data-element_type=\"column\">\n\t\t\t<div class=\"elementor-widget-wrap elementor-element-populated\">\n\t\t\t\t\t\t<div class=\"elementor-element elementor-element-233cb05b elementor-widget elementor-widget-heading\" data-id=\"233cb05b\" data-element_type=\"widget\" data-widget_type=\"heading.default\">\n\t\t\t\t<div class=\"elementor-widget-container\">\n\t\t\t\t\t<h5 class=\"elementor-heading-title elementor-size-default\">Planche inspiration : 216\u20ac ttc <\/h5>\t\t\t\t<\/div>\n\t\t\t\t<\/div>\n\t\t\t\t<div class=\"elementor-element elementor-element-58d758b7 elementor-widget elementor-widget-text-editor\" data-id=\"58d758b7\" data-element_type=\"widget\" data-widget_type=\"text-editor.default\">\n\t\t\t\t<div class=\"elementor-widget-container\">\n\t\t\t\t\t\t\t\t\t<p><img fetchpriority=\"high\" decoding=\"async\" src=\"http:\/\/influenceetcontraste.com\/wp-content\/uploads\/2019\/11\/download-1.jpg\" alt=\"\" width=\"259\" height=\"194\" class=\"alignnone size-full wp-image-528\" \/><\/p><p>Recherche de Style : s\u00e9lection d\u2019images afin de trouver une ambiance \/ une personnalit\u00e9 \u00e0 votre pi\u00e8ce.<\/p>\t\t\t\t\t\t\t\t<\/div>\n\t\t\t\t<\/div>\n\t\t\t\t\t<\/div>\n\t\t<\/div>\n\t\t\t\t\t<\/div>\n\t\t<\/section>\n\t\t\t\t<section class=\"elementor-section elementor-top-section elementor-element elementor-element-2a2cecd4 elementor-section-boxed elementor-section-height-default elementor-section-height-default\" data-id=\"2a2cecd4\" data-element_type=\"section\">\n\t\t\t\t\t\t<div class=\"elementor-container elementor-column-gap-default\">\n\t\t\t\t\t<div class=\"elementor-column elementor-col-100 elementor-top-column elementor-element elementor-element-b164d1d\" data-id=\"b164d1d\" data-element_type=\"column\">\n\t\t\t<div class=\"elementor-widget-wrap elementor-element-populated\">\n\t\t\t\t\t\t<div class=\"elementor-element elementor-element-2f724ec elementor-widget elementor-widget-heading\" data-id=\"2f724ec\" data-element_type=\"widget\" data-widget_type=\"heading.default\">\n\t\t\t\t<div class=\"elementor-widget-container\">\n\t\t\t\t\t<h5 class=\"elementor-heading-title elementor-size-default\">Planche mobilier+Shopping liste :   540\u20ac ttc<\/h5>\t\t\t\t<\/div>\n\t\t\t\t<\/div>\n\t\t\t\t<div class=\"elementor-element elementor-element-2d301158 elementor-widget elementor-widget-text-editor\" data-id=\"2d301158\" data-element_type=\"widget\" data-widget_type=\"text-editor.default\">\n\t\t\t\t<div class=\"elementor-widget-container\">\n\t\t\t\t\t\t\t\t\t<p>La planche mobilier comporte une s\u00e9lection mobilier, accessoires, textiles, luminaires &#8230; \u00e0 d\u00e9finir selon vos besoins. La Planche s\u2019accompagne d\u2019une shopping liste pour vous accompagner dans vos achats ( ref, prix , photos, liens cliquables internet &#8230; )<\/p>\t\t\t\t\t\t\t\t<\/div>\n\t\t\t\t<\/div>\n\t\t\t\t\t<\/div>\n\t\t<\/div>\n\t\t\t\t\t<\/div>\n\t\t<\/section>\n\t\t\t\t<section class=\"elementor-section elementor-top-section elementor-element elementor-element-2e86fdee elementor-section-boxed elementor-section-height-default elementor-section-height-default\" data-id=\"2e86fdee\" data-element_type=\"section\">\n\t\t\t\t\t\t<div class=\"elementor-container elementor-column-gap-default\">\n\t\t\t\t\t<div class=\"elementor-column elementor-col-100 elementor-top-column elementor-element elementor-element-51760022\" data-id=\"51760022\" data-element_type=\"column\">\n\t\t\t<div class=\"elementor-widget-wrap elementor-element-populated\">\n\t\t\t\t\t\t<div class=\"elementor-element elementor-element-41920577 elementor-widget elementor-widget-heading\" data-id=\"41920577\" data-element_type=\"widget\" data-widget_type=\"heading.default\">\n\t\t\t\t<div class=\"elementor-widget-container\">\n\t\t\t\t\t<h5 class=\"elementor-heading-title elementor-size-default\">Planche Am\u00e9nagement 3D : sur devis<\/h5>\t\t\t\t<\/div>\n\t\t\t\t<\/div>\n\t\t\t\t<div class=\"elementor-element elementor-element-2243eb33 elementor-widget elementor-widget-text-editor\" data-id=\"2243eb33\" data-element_type=\"widget\" data-widget_type=\"text-editor.default\">\n\t\t\t\t<div class=\"elementor-widget-container\">\n\t\t\t\t\t\t\t\t\t<p><img decoding=\"async\" src=\"http:\/\/influenceetcontraste.com\/wp-content\/uploads\/2019\/11\/rhinov-8-300x239.jpg\" alt=\"\" width=\"300\" height=\"239\" class=\"alignnone size-medium wp-image-530\" srcset=\"https:\/\/influenceetcontraste.com\/wp-content\/uploads\/2019\/11\/rhinov-8-300x239.jpg 300w, https:\/\/influenceetcontraste.com\/wp-content\/uploads\/2019\/11\/rhinov-8.jpg 664w\" sizes=\"(max-width: 300px) 100vw, 300px\" \/><\/p><p>Je vous propose une optimisation d\u2019am\u00e9nagement de votre espace de vie, en vous sugg\u00e9rant quelques achats, changement de couleur de mur. Cette planche peut vous permettre de vous projeter dans votre futur chez vous. La planche vous aidera \u00e0 visualiser l\u2019ambiance aboutie am\u00e9nag\u00e9e avec la s\u00e9lection mobilier, objets, mat\u00e9riaux et couleurs.<\/p>\t\t\t\t\t\t\t\t<\/div>\n\t\t\t\t<\/div>\n\t\t\t\t\t<\/div>\n\t\t<\/div>\n\t\t\t\t\t<\/div>\n\t\t<\/section>\n\t\t\t\t<section class=\"elementor-section elementor-top-section elementor-element elementor-element-33bf0cf2 elementor-section-boxed elementor-section-height-default elementor-section-height-default\" data-id=\"33bf0cf2\" data-element_type=\"section\">\n\t\t\t\t\t\t<div class=\"elementor-container elementor-column-gap-default\">\n\t\t\t\t\t<div class=\"elementor-column elementor-col-100 elementor-top-column elementor-element elementor-element-426560c\" data-id=\"426560c\" data-element_type=\"column\">\n\t\t\t<div class=\"elementor-widget-wrap elementor-element-populated\">\n\t\t\t\t\t\t<div class=\"elementor-element elementor-element-30d0550e elementor-widget elementor-widget-heading\" data-id=\"30d0550e\" data-element_type=\"widget\" data-widget_type=\"heading.default\">\n\t\t\t\t<div class=\"elementor-widget-container\">\n\t\t\t\t\t<h5 class=\"elementor-heading-title elementor-size-default\">Aide \u00e0 l\u2019am\u00e9nagement :\nprestation \u00e0 la demande 108 \u20ac ttc\/heure<\/h5>\t\t\t\t<\/div>\n\t\t\t\t<\/div>\n\t\t\t\t<div class=\"elementor-element elementor-element-7ca60a0e elementor-widget elementor-widget-text-editor\" data-id=\"7ca60a0e\" data-element_type=\"widget\" data-widget_type=\"text-editor.default\">\n\t\t\t\t<div class=\"elementor-widget-container\">\n\t\t\t\t\t\t\t\t\t<p><img decoding=\"async\" src=\"http:\/\/influenceetcontraste.com\/wp-content\/uploads\/2019\/11\/image-pour-le-site--300x160.jpeg\" alt=\"\" width=\"300\" height=\"160\" class=\"alignnone size-medium wp-image-526\" srcset=\"https:\/\/influenceetcontraste.com\/wp-content\/uploads\/2019\/11\/image-pour-le-site--300x160.jpeg 300w, https:\/\/influenceetcontraste.com\/wp-content\/uploads\/2019\/11\/image-pour-le-site-.jpeg 375w\" sizes=\"(max-width: 300px) 100vw, 300px\" \/><\/p><p>\u00a0Je vous propose de gagner un peu de temps : r\u00e9ception des marchandises et montage des meubles&#8230; \u00e0\u00a0 votre retour votre habitat est en place.<\/p>\t\t\t\t\t\t\t\t<\/div>\n\t\t\t\t<\/div>\n\t\t\t\t\t<\/div>\n\t\t<\/div>\n\t\t\t\t\t<\/div>\n\t\t<\/section>\n\t\t\t\t<section class=\"elementor-section elementor-top-section elementor-element elementor-element-9b5ae88 elementor-section-boxed elementor-section-height-default elementor-section-height-default\" data-id=\"9b5ae88\" data-element_type=\"section\">\n\t\t\t\t\t\t<div class=\"elementor-container elementor-column-gap-default\">\n\t\t\t\t\t<div class=\"elementor-column elementor-col-100 elementor-top-column elementor-element elementor-element-c6085a5\" data-id=\"c6085a5\" data-element_type=\"column\">\n\t\t\t<div class=\"elementor-widget-wrap elementor-element-populated\">\n\t\t\t\t\t\t<div class=\"elementor-element elementor-element-57a1a21 elementor-widget elementor-widget-text-editor\" data-id=\"57a1a21\" data-element_type=\"widget\" data-widget_type=\"text-editor.default\">\n\t\t\t\t<div class=\"elementor-widget-container\">\n\t\t\t\t\t\t\t\t\t<p>Ind\u00e9mnit\u00e9s kilom\u00e9triques en suppl\u00e9ment en fonction du lieu d&#8217;intervention.<\/p>\t\t\t\t\t\t\t\t<\/div>\n\t\t\t\t<\/div>\n\t\t\t\t\t<\/div>\n\t\t<\/div>\n\t\t\t\t\t<\/div>\n\t\t<\/section>\n\t\t\t\t<\/div>\n\t\t","protected":false},"excerpt":{"rendered":"<p>Prestations Vous avez un projet, je vous propose des conseils d\u00e9co personnalis\u00e9s pour apporter style et confort \u00e0 votre int\u00e9rieur, association de couleurs, shopping liste , croquis 3 D&#8230; RV chez vous 2H : 250\u20ac ttc Nous \u00e9changeons sur votre projet de d\u00e9coration d\u2019int\u00e9rieur ( envie , inspiration, budget &#8230;).R\u00e9alisation<\/p>\n","protected":false},"author":1,"featured_media":0,"parent":0,"menu_order":0,"comment_status":"closed","ping_status":"closed","template":"","meta":{"footnotes":""},"class_list":["post-176","page","type-page","status-publish","hentry"],"_links":{"self":[{"href":"https:\/\/influenceetcontraste.com\/index.php?rest_route=\/wp\/v2\/pages\/176","targetHints":{"allow":["GET"]}}],"collection":[{"href":"https:\/\/influenceetcontraste.com\/index.php?rest_route=\/wp\/v2\/pages"}],"about":[{"href":"https:\/\/influenceetcontraste.com\/index.php?rest_route=\/wp\/v2\/types\/page"}],"author":[{"embeddable":true,"href":"https:\/\/influenceetcontraste.com\/index.php?rest_route=\/wp\/v2\/users\/1"}],"replies":[{"embeddable":true,"href":"https:\/\/influenceetcontraste.com\/index.php?rest_route=%2Fwp%2Fv2%2Fcomments&post=176"}],"version-history":[{"count":59,"href":"https:\/\/influenceetcontraste.com\/index.php?rest_route=\/wp\/v2\/pages\/176\/revisions"}],"predecessor-version":[{"id":984,"href":"https:\/\/influenceetcontraste.com\/index.php?rest_route=\/wp\/v2\/pages\/176\/revisions\/984"}],"wp:attachment":[{"href":"https:\/\/influenceetcontraste.com\/index.php?rest_route=%2Fwp%2Fv2%2Fmedia&parent=176"}],"curies":[{"name":"wp","href":"https:\/\/api.w.org\/{rel}","templated":true}]}}