{"id":257,"date":"2019-11-02T08:53:53","date_gmt":"2019-11-02T07:53:53","guid":{"rendered":"http:\/\/influenceetcontraste.com\/?page_id=257"},"modified":"2023-05-03T11:08:37","modified_gmt":"2023-05-03T09:08:37","slug":"elementor-257","status":"publish","type":"page","link":"https:\/\/influenceetcontraste.com\/?page_id=257","title":{"rendered":"Am\u00e9nagement appartement 250M2"},"content":{"rendered":"\t\t<div data-elementor-type=\"wp-page\" data-elementor-id=\"257\" class=\"elementor elementor-257\">\n\t\t\t\t\t\t<section class=\"elementor-section elementor-top-section elementor-element elementor-element-77a02c80 elementor-section-boxed elementor-section-height-default elementor-section-height-default\" data-id=\"77a02c80\" data-element_type=\"section\">\n\t\t\t\t\t\t<div class=\"elementor-container elementor-column-gap-default\">\n\t\t\t\t\t<div class=\"elementor-column elementor-col-100 elementor-top-column elementor-element elementor-element-18e5eaab\" data-id=\"18e5eaab\" data-element_type=\"column\">\n\t\t\t<div class=\"elementor-widget-wrap elementor-element-populated\">\n\t\t\t\t\t\t<div class=\"elementor-element elementor-element-a4d3590 elementor-widget elementor-widget-text-editor\" data-id=\"a4d3590\" data-element_type=\"widget\" data-widget_type=\"text-editor.default\">\n\t\t\t\t<div class=\"elementor-widget-container\">\n\t\t\t\t\t\t\t\t\t\n<div class=\"wp-block-themeisle-blocks-advanced-columns has-undefined-columns has-desktop-undefined-layout has-tablet-equal-layout has-mobile-equal-layout has-default-gap has-vertical-unset\" id=\"wp-block-themeisle-blocks-advanced-columns-5f248c9f\" style=\"border-radius: 0px; justify-content: unset; border: 0px solid #000000;\">\n<div class=\"wp-themeisle-block-overlay\" style=\"opacity: 0.5; mix-blend-mode: normal;\"><\/div>\n<div class=\"innerblocks-wrap\"><\/div>\n<\/div>\n\t\t\t\t\t\t\t\t<\/div>\n\t\t\t\t<\/div>\n\t\t\t\t\t<\/div>\n\t\t<\/div>\n\t\t\t\t\t<\/div>\n\t\t<\/section>\n\t\t\t\t<section class=\"elementor-section elementor-top-section elementor-element elementor-element-4aca1337 elementor-section-boxed elementor-section-height-default elementor-section-height-default\" data-id=\"4aca1337\" data-element_type=\"section\" data-settings=\"{&quot;background_background&quot;:&quot;classic&quot;}\">\n\t\t\t\t\t\t<div class=\"elementor-container elementor-column-gap-default\">\n\t\t\t\t\t<div class=\"elementor-column elementor-col-100 elementor-top-column elementor-element elementor-element-45a4ed90\" data-id=\"45a4ed90\" data-element_type=\"column\">\n\t\t\t<div class=\"elementor-widget-wrap elementor-element-populated\">\n\t\t\t\t\t\t<div class=\"elementor-element elementor-element-ffd6e95 elementor-widget elementor-widget-text-editor\" data-id=\"ffd6e95\" data-element_type=\"widget\" data-widget_type=\"text-editor.default\">\n\t\t\t\t<div class=\"elementor-widget-container\">\n\t\t\t\t\t\t\t\t\t<p>Rooftop \u00eele de Nantes<\/p>\t\t\t\t\t\t\t\t<\/div>\n\t\t\t\t<\/div>\n\t\t\t\t<div class=\"elementor-element elementor-element-afae24d elementor-widget elementor-widget-text-editor\" data-id=\"afae24d\" data-element_type=\"widget\" data-widget_type=\"text-editor.default\">\n\t\t\t\t<div class=\"elementor-widget-container\">\n\t\t\t\t\t\t\t\t\t<p>Am\u00e9nagement et home staging pour un appartement de 250 M2 (vue superbe) d\u00e9di\u00e9 \u00e0 la collocation professionnelle.<\/p>\t\t\t\t\t\t\t\t<\/div>\n\t\t\t\t<\/div>\n\t\t\t\t<div class=\"elementor-element elementor-element-6ebe61ba elementor-widget elementor-widget-image\" data-id=\"6ebe61ba\" data-element_type=\"widget\" data-widget_type=\"image.default\">\n\t\t\t\t<div class=\"elementor-widget-container\">\n\t\t\t\t\t\t\t\t\t\t\t\t\t\t\t<img fetchpriority=\"high\" decoding=\"async\" width=\"600\" height=\"800\" src=\"https:\/\/influenceetcontraste.com\/wp-content\/uploads\/2019\/10\/img1.jpg\" class=\"attachment-large size-large wp-image-105\" alt=\"\" srcset=\"https:\/\/influenceetcontraste.com\/wp-content\/uploads\/2019\/10\/img1.jpg 600w, https:\/\/influenceetcontraste.com\/wp-content\/uploads\/2019\/10\/img1-225x300.jpg 225w\" sizes=\"(max-width: 600px) 100vw, 600px\" \/>\t\t\t\t\t\t\t\t\t\t\t\t\t\t\t<\/div>\n\t\t\t\t<\/div>\n\t\t\t\t\t<\/div>\n\t\t<\/div>\n\t\t\t\t\t<\/div>\n\t\t<\/section>\n\t\t\t\t<section class=\"elementor-section elementor-top-section elementor-element elementor-element-56ec8383 elementor-section-boxed elementor-section-height-default elementor-section-height-default\" data-id=\"56ec8383\" data-element_type=\"section\" data-settings=\"{&quot;background_background&quot;:&quot;classic&quot;}\">\n\t\t\t\t\t\t<div class=\"elementor-container elementor-column-gap-default\">\n\t\t\t\t\t<div class=\"elementor-column elementor-col-100 elementor-top-column elementor-element elementor-element-cebef16\" data-id=\"cebef16\" data-element_type=\"column\">\n\t\t\t<div class=\"elementor-widget-wrap\">\n\t\t\t\t\t\t\t<\/div>\n\t\t<\/div>\n\t\t\t\t\t<\/div>\n\t\t<\/section>\n\t\t\t\t<section class=\"elementor-section elementor-top-section elementor-element elementor-element-7bc0bb87 elementor-section-content-middle elementor-section-boxed elementor-section-height-default elementor-section-height-default\" data-id=\"7bc0bb87\" data-element_type=\"section\">\n\t\t\t\t\t\t<div class=\"elementor-container elementor-column-gap-default\">\n\t\t\t\t\t<div class=\"elementor-column elementor-col-50 elementor-top-column elementor-element elementor-element-10b7ae3b\" data-id=\"10b7ae3b\" data-element_type=\"column\">\n\t\t\t<div class=\"elementor-widget-wrap elementor-element-populated\">\n\t\t\t\t\t\t<div class=\"elementor-element elementor-element-50745dc1 elementor-widget elementor-widget-heading\" data-id=\"50745dc1\" data-element_type=\"widget\" data-widget_type=\"heading.default\">\n\t\t\t\t<div class=\"elementor-widget-container\">\n\t\t\t\t\t<h3 class=\"elementor-heading-title elementor-size-default\">Avant<br><\/h3>\t\t\t\t<\/div>\n\t\t\t\t<\/div>\n\t\t\t\t\t<\/div>\n\t\t<\/div>\n\t\t\t\t<div class=\"elementor-column elementor-col-50 elementor-top-column elementor-element elementor-element-6725abb0\" data-id=\"6725abb0\" data-element_type=\"column\">\n\t\t\t<div class=\"elementor-widget-wrap elementor-element-populated\">\n\t\t\t\t\t\t<div class=\"elementor-element elementor-element-21f317e2 elementor-widget elementor-widget-image\" data-id=\"21f317e2\" data-element_type=\"widget\" data-widget_type=\"image.default\">\n\t\t\t\t<div class=\"elementor-widget-container\">\n\t\t\t\t\t\t\t\t\t\t\t\t\t\t\t<img decoding=\"async\" width=\"4032\" height=\"3024\" src=\"https:\/\/influenceetcontraste.com\/wp-content\/uploads\/2019\/11\/IMG_3996.jpg\" class=\"attachment-full size-full wp-image-434\" alt=\"\" srcset=\"https:\/\/influenceetcontraste.com\/wp-content\/uploads\/2019\/11\/IMG_3996.jpg 4032w, https:\/\/influenceetcontraste.com\/wp-content\/uploads\/2019\/11\/IMG_3996-300x225.jpg 300w, https:\/\/influenceetcontraste.com\/wp-content\/uploads\/2019\/11\/IMG_3996-768x576.jpg 768w, https:\/\/influenceetcontraste.com\/wp-content\/uploads\/2019\/11\/IMG_3996-1024x768.jpg 1024w\" sizes=\"(max-width: 4032px) 100vw, 4032px\" \/>\t\t\t\t\t\t\t\t\t\t\t\t\t\t\t<\/div>\n\t\t\t\t<\/div>\n\t\t\t\t\t<\/div>\n\t\t<\/div>\n\t\t\t\t\t<\/div>\n\t\t<\/section>\n\t\t\t\t<section class=\"elementor-section elementor-top-section elementor-element elementor-element-6477d9fb elementor-section-content-middle elementor-reverse-mobile elementor-section-boxed elementor-section-height-default elementor-section-height-default\" data-id=\"6477d9fb\" data-element_type=\"section\">\n\t\t\t\t\t\t<div class=\"elementor-container elementor-column-gap-default\">\n\t\t\t\t\t<div class=\"elementor-column elementor-col-50 elementor-top-column elementor-element elementor-element-5bc404e2\" data-id=\"5bc404e2\" data-element_type=\"column\">\n\t\t\t<div class=\"elementor-widget-wrap elementor-element-populated\">\n\t\t\t\t\t\t<div class=\"elementor-element elementor-element-766583c6 elementor-widget elementor-widget-image\" data-id=\"766583c6\" data-element_type=\"widget\" data-widget_type=\"image.default\">\n\t\t\t\t<div class=\"elementor-widget-container\">\n\t\t\t\t\t\t\t\t\t\t\t\t\t\t\t<img decoding=\"async\" width=\"3024\" height=\"4032\" src=\"https:\/\/influenceetcontraste.com\/wp-content\/uploads\/2019\/11\/IMG_4239.jpg\" class=\"attachment-full size-full wp-image-474\" alt=\"\" srcset=\"https:\/\/influenceetcontraste.com\/wp-content\/uploads\/2019\/11\/IMG_4239.jpg 3024w, https:\/\/influenceetcontraste.com\/wp-content\/uploads\/2019\/11\/IMG_4239-225x300.jpg 225w, https:\/\/influenceetcontraste.com\/wp-content\/uploads\/2019\/11\/IMG_4239-768x1024.jpg 768w\" sizes=\"(max-width: 3024px) 100vw, 3024px\" \/>\t\t\t\t\t\t\t\t\t\t\t\t\t\t\t<\/div>\n\t\t\t\t<\/div>\n\t\t\t\t\t<\/div>\n\t\t<\/div>\n\t\t\t\t<div class=\"elementor-column elementor-col-50 elementor-top-column elementor-element elementor-element-1251ab03\" data-id=\"1251ab03\" data-element_type=\"column\">\n\t\t\t<div class=\"elementor-widget-wrap elementor-element-populated\">\n\t\t\t\t\t\t<div class=\"elementor-element elementor-element-1824b2b8 elementor-widget elementor-widget-heading\" data-id=\"1824b2b8\" data-element_type=\"widget\" data-widget_type=\"heading.default\">\n\t\t\t\t<div class=\"elementor-widget-container\">\n\t\t\t\t\t<h3 class=\"elementor-heading-title elementor-size-large\">Salon<\/h3>\t\t\t\t<\/div>\n\t\t\t\t<\/div>\n\t\t\t\t<div class=\"elementor-element elementor-element-6b94d8db elementor-widget elementor-widget-text-editor\" data-id=\"6b94d8db\" data-element_type=\"widget\" data-widget_type=\"text-editor.default\">\n\t\t\t\t<div class=\"elementor-widget-container\">\n\t\t\t\t\t\t\t\t\t<p>Ce bel appartement traversant poss\u00e8de dor\u00e9navant du mobilier fonctionnel.<\/p>\t\t\t\t\t\t\t\t<\/div>\n\t\t\t\t<\/div>\n\t\t\t\t\t<\/div>\n\t\t<\/div>\n\t\t\t\t\t<\/div>\n\t\t<\/section>\n\t\t\t\t<section class=\"elementor-section elementor-top-section elementor-element elementor-element-e257da6 elementor-section-content-middle elementor-section-boxed elementor-section-height-default elementor-section-height-default\" data-id=\"e257da6\" data-element_type=\"section\" data-settings=\"{&quot;background_background&quot;:&quot;classic&quot;}\">\n\t\t\t\t\t\t<div class=\"elementor-container elementor-column-gap-default\">\n\t\t\t\t\t<div class=\"elementor-column elementor-col-50 elementor-top-column elementor-element elementor-element-272efbae\" data-id=\"272efbae\" data-element_type=\"column\">\n\t\t\t<div class=\"elementor-widget-wrap elementor-element-populated\">\n\t\t\t\t\t\t<div class=\"elementor-element elementor-element-5f325fe2 elementor-widget elementor-widget-heading\" data-id=\"5f325fe2\" data-element_type=\"widget\" data-widget_type=\"heading.default\">\n\t\t\t\t<div class=\"elementor-widget-container\">\n\t\t\t\t\t<h3 class=\"elementor-heading-title elementor-size-large\">Salle \u00e0 Manger <\/h3>\t\t\t\t<\/div>\n\t\t\t\t<\/div>\n\t\t\t\t<div class=\"elementor-element elementor-element-5afb4a84 elementor-widget elementor-widget-text-editor\" data-id=\"5afb4a84\" data-element_type=\"widget\" data-widget_type=\"text-editor.default\">\n\t\t\t\t<div class=\"elementor-widget-container\">\n\t\t\t\t\t\t\t\t\t<p>Cr\u00e9ation et optimisation des espaces, pour une collocation.<\/p>\t\t\t\t\t\t\t\t<\/div>\n\t\t\t\t<\/div>\n\t\t\t\t\t<\/div>\n\t\t<\/div>\n\t\t\t\t<div class=\"elementor-column elementor-col-50 elementor-top-column elementor-element elementor-element-44bed5fc\" data-id=\"44bed5fc\" data-element_type=\"column\">\n\t\t\t<div class=\"elementor-widget-wrap elementor-element-populated\">\n\t\t\t\t\t\t<div class=\"elementor-element elementor-element-6a34db55 elementor-widget elementor-widget-image\" data-id=\"6a34db55\" data-element_type=\"widget\" data-widget_type=\"image.default\">\n\t\t\t\t<div class=\"elementor-widget-container\">\n\t\t\t\t\t\t\t\t\t\t\t\t\t\t\t<img loading=\"lazy\" decoding=\"async\" width=\"600\" height=\"800\" src=\"https:\/\/influenceetcontraste.com\/wp-content\/uploads\/2019\/10\/img2.jpg\" class=\"attachment-full size-full wp-image-106\" alt=\"\" srcset=\"https:\/\/influenceetcontraste.com\/wp-content\/uploads\/2019\/10\/img2.jpg 600w, https:\/\/influenceetcontraste.com\/wp-content\/uploads\/2019\/10\/img2-225x300.jpg 225w\" sizes=\"(max-width: 600px) 100vw, 600px\" \/>\t\t\t\t\t\t\t\t\t\t\t\t\t\t\t<\/div>\n\t\t\t\t<\/div>\n\t\t\t\t\t<\/div>\n\t\t<\/div>\n\t\t\t\t\t<\/div>\n\t\t<\/section>\n\t\t\t\t<\/div>\n\t\t","protected":false},"excerpt":{"rendered":"<p>Rooftop \u00eele de Nantes Am\u00e9nagement et home staging pour un appartement de 250 M2 (vue superbe) d\u00e9di\u00e9 \u00e0 la collocation professionnelle. Avant Salon Ce bel appartement traversant poss\u00e8de dor\u00e9navant du mobilier fonctionnel. Salle \u00e0 Manger Cr\u00e9ation et optimisation des espaces, pour une collocation.<\/p>\n","protected":false},"author":1,"featured_media":0,"parent":0,"menu_order":0,"comment_status":"closed","ping_status":"closed","template":"","meta":{"footnotes":""},"class_list":["post-257","page","type-page","status-publish","hentry"],"_links":{"self":[{"href":"https:\/\/influenceetcontraste.com\/index.php?rest_route=\/wp\/v2\/pages\/257","targetHints":{"allow":["GET"]}}],"collection":[{"href":"https:\/\/influenceetcontraste.com\/index.php?rest_route=\/wp\/v2\/pages"}],"about":[{"href":"https:\/\/influenceetcontraste.com\/index.php?rest_route=\/wp\/v2\/types\/page"}],"author":[{"embeddable":true,"href":"https:\/\/influenceetcontraste.com\/index.php?rest_route=\/wp\/v2\/users\/1"}],"replies":[{"embeddable":true,"href":"https:\/\/influenceetcontraste.com\/index.php?rest_route=%2Fwp%2Fv2%2Fcomments&post=257"}],"version-history":[{"count":20,"href":"https:\/\/influenceetcontraste.com\/index.php?rest_route=\/wp\/v2\/pages\/257\/revisions"}],"predecessor-version":[{"id":1243,"href":"https:\/\/influenceetcontraste.com\/index.php?rest_route=\/wp\/v2\/pages\/257\/revisions\/1243"}],"wp:attachment":[{"href":"https:\/\/influenceetcontraste.com\/index.php?rest_route=%2Fwp%2Fv2%2Fmedia&parent=257"}],"curies":[{"name":"wp","href":"https:\/\/api.w.org\/{rel}","templated":true}]}}