{"id":30,"date":"2019-10-18T14:24:28","date_gmt":"2019-10-18T12:24:28","guid":{"rendered":"http:\/\/influenceetcontraste.com\/?page_id=30"},"modified":"2023-05-15T11:59:33","modified_gmt":"2023-05-15T09:59:33","slug":"portfolio","status":"publish","type":"page","link":"https:\/\/influenceetcontraste.com\/?page_id=30","title":{"rendered":"Portfolio"},"content":{"rendered":"\t\t<div data-elementor-type=\"wp-page\" data-elementor-id=\"30\" class=\"elementor elementor-30\">\n\t\t\t\t\t\t<section class=\"elementor-section elementor-top-section elementor-element elementor-element-b73ffb7 elementor-section-boxed elementor-section-height-default elementor-section-height-default\" data-id=\"b73ffb7\" data-element_type=\"section\">\n\t\t\t\t\t\t<div class=\"elementor-container elementor-column-gap-default\">\n\t\t\t\t\t<div class=\"elementor-column elementor-col-100 elementor-top-column elementor-element elementor-element-6dbac59\" data-id=\"6dbac59\" data-element_type=\"column\">\n\t\t\t<div class=\"elementor-widget-wrap elementor-element-populated\">\n\t\t\t\t\t\t<div class=\"elementor-element elementor-element-1d1431b elementor-widget elementor-widget-spacer\" data-id=\"1d1431b\" data-element_type=\"widget\" data-widget_type=\"spacer.default\">\n\t\t\t\t<div class=\"elementor-widget-container\">\n\t\t\t\t\t\t\t<div class=\"elementor-spacer\">\n\t\t\t<div class=\"elementor-spacer-inner\"><\/div>\n\t\t<\/div>\n\t\t\t\t\t\t<\/div>\n\t\t\t\t<\/div>\n\t\t\t\t<div class=\"elementor-element elementor-element-e983073 elementor-widget elementor-widget-heading\" data-id=\"e983073\" data-element_type=\"widget\" data-widget_type=\"heading.default\">\n\t\t\t\t<div class=\"elementor-widget-container\">\n\t\t\t\t\t<h2 class=\"elementor-heading-title elementor-size-default\">R\u00e9alisations<\/h2>\t\t\t\t<\/div>\n\t\t\t\t<\/div>\n\t\t\t\t<div class=\"elementor-element elementor-element-ad722ed elementor-widget elementor-widget-text-editor\" data-id=\"ad722ed\" data-element_type=\"widget\" data-widget_type=\"text-editor.default\">\n\t\t\t\t<div class=\"elementor-widget-container\">\n\t\t\t\t\t\t\t\t\t<p>Vous avez un projet de d\u00e9coration d\u2019int\u00e9rieur ? Influence &amp; Contraste vous propose des conseils personnalis\u00e9s pour apporter du style et du confort \u00e0 votre int\u00e9rieur.<\/p><p>Association de couleurs, shopping liste , croquis 3d&#8230;<\/p>\t\t\t\t\t\t\t\t<\/div>\n\t\t\t\t<\/div>\n\t\t\t\t\t<\/div>\n\t\t<\/div>\n\t\t\t\t\t<\/div>\n\t\t<\/section>\n\t\t\t\t<section class=\"elementor-section elementor-top-section elementor-element elementor-element-4845d82 elementor-section-boxed elementor-section-height-default elementor-section-height-default\" data-id=\"4845d82\" data-element_type=\"section\">\n\t\t\t\t\t\t<div class=\"elementor-container elementor-column-gap-default\">\n\t\t\t\t\t<div class=\"elementor-column elementor-col-20 elementor-top-column elementor-element elementor-element-4391e4f\" data-id=\"4391e4f\" data-element_type=\"column\">\n\t\t\t<div class=\"elementor-widget-wrap elementor-element-populated\">\n\t\t\t\t\t\t<div class=\"elementor-element elementor-element-3cb877f elementor-widget elementor-widget-image\" data-id=\"3cb877f\" data-element_type=\"widget\" data-widget_type=\"image.default\">\n\t\t\t\t<div class=\"elementor-widget-container\">\n\t\t\t\t\t\t\t\t\t\t\t\t\t\t\t\t<a href=\"https:\/\/influenceetcontraste.com\/?page_id=1088(opens%20in%20a%20new%20tab)\">\n\t\t\t\t\t\t\t<img decoding=\"async\" src=\"https:\/\/influenceetcontraste.com\/wp-content\/uploads\/2023\/05\/Guenoil-1-Feuille-14-copie-3.jpg\" title=\"Guenoil 1-Feuille 14 copie\" alt=\"Guenoil 1-Feuille 14 copie\" loading=\"lazy\" \/>\t\t\t\t\t\t\t\t<\/a>\n\t\t\t\t\t\t\t\t\t\t\t\t\t\t\t<\/div>\n\t\t\t\t<\/div>\n\t\t\t\t\t<\/div>\n\t\t<\/div>\n\t\t\t\t<div class=\"elementor-column elementor-col-20 elementor-top-column elementor-element elementor-element-3e1f405\" data-id=\"3e1f405\" data-element_type=\"column\">\n\t\t\t<div class=\"elementor-widget-wrap elementor-element-populated\">\n\t\t\t\t\t\t<div class=\"elementor-element elementor-element-5b42117 elementor-widget elementor-widget-image\" data-id=\"5b42117\" data-element_type=\"widget\" data-widget_type=\"image.default\">\n\t\t\t\t<div class=\"elementor-widget-container\">\n\t\t\t\t\t\t\t\t\t\t\t\t\t\t\t\t<a href=\"https:\/\/influenceetcontraste.com\/?page_id=257\">\n\t\t\t\t\t\t\t<img decoding=\"async\" src=\"https:\/\/influenceetcontraste.com\/wp-content\/uploads\/2019\/10\/img1.jpg\" title=\"img1\" alt=\"img1\" loading=\"lazy\" \/>\t\t\t\t\t\t\t\t<\/a>\n\t\t\t\t\t\t\t\t\t\t\t\t\t\t\t<\/div>\n\t\t\t\t<\/div>\n\t\t\t\t\t<\/div>\n\t\t<\/div>\n\t\t\t\t<div class=\"elementor-column elementor-col-20 elementor-top-column elementor-element elementor-element-e135fa6\" data-id=\"e135fa6\" data-element_type=\"column\">\n\t\t\t<div class=\"elementor-widget-wrap elementor-element-populated\">\n\t\t\t\t\t\t<div class=\"elementor-element elementor-element-970db6c elementor-widget elementor-widget-image\" data-id=\"970db6c\" data-element_type=\"widget\" data-widget_type=\"image.default\">\n\t\t\t\t<div class=\"elementor-widget-container\">\n\t\t\t\t\t\t\t\t\t\t\t\t\t\t\t\t<a href=\"http:\/\/influenceetcontraste.com\/?page_id=318\">\n\t\t\t\t\t\t\t<img decoding=\"async\" src=\"https:\/\/influenceetcontraste.com\/wp-content\/uploads\/2019\/10\/img4.jpg\" title=\"img4\" alt=\"chambre\" loading=\"lazy\" \/>\t\t\t\t\t\t\t\t<\/a>\n\t\t\t\t\t\t\t\t\t\t\t\t\t\t\t<\/div>\n\t\t\t\t<\/div>\n\t\t\t\t\t<\/div>\n\t\t<\/div>\n\t\t\t\t<div class=\"elementor-column elementor-col-20 elementor-top-column elementor-element elementor-element-d5cfbf2\" data-id=\"d5cfbf2\" data-element_type=\"column\">\n\t\t\t<div class=\"elementor-widget-wrap elementor-element-populated\">\n\t\t\t\t\t\t<div class=\"elementor-element elementor-element-b11c926 elementor-widget elementor-widget-image\" data-id=\"b11c926\" data-element_type=\"widget\" data-widget_type=\"image.default\">\n\t\t\t\t<div class=\"elementor-widget-container\">\n\t\t\t\t\t\t\t\t\t\t\t\t\t\t\t\t<a href=\"https:\/\/influenceetcontraste.com\/?page_id=812(opens%20in%20a%20new%20tab)\">\n\t\t\t\t\t\t\t<img decoding=\"async\" src=\"https:\/\/influenceetcontraste.com\/wp-content\/uploads\/2019\/11\/IMG_0853.jpg\" title=\"salle de bain\" alt=\"salle de bain\" loading=\"lazy\" \/>\t\t\t\t\t\t\t\t<\/a>\n\t\t\t\t\t\t\t\t\t\t\t\t\t\t\t<\/div>\n\t\t\t\t<\/div>\n\t\t\t\t\t<\/div>\n\t\t<\/div>\n\t\t\t\t<div class=\"elementor-column elementor-col-20 elementor-top-column elementor-element elementor-element-a041273\" data-id=\"a041273\" data-element_type=\"column\">\n\t\t\t<div class=\"elementor-widget-wrap elementor-element-populated\">\n\t\t\t\t\t\t<div class=\"elementor-element elementor-element-fa519eb elementor-widget elementor-widget-image\" data-id=\"fa519eb\" data-element_type=\"widget\" data-widget_type=\"image.default\">\n\t\t\t\t<div class=\"elementor-widget-container\">\n\t\t\t\t\t\t\t\t\t\t\t\t\t\t\t\t<a href=\"https:\/\/influenceetcontraste.com\/?page_id=1042(opens%20in%20a%20new%20tab)\">\n\t\t\t\t\t\t\t<img decoding=\"async\" src=\"https:\/\/influenceetcontraste.com\/wp-content\/uploads\/2023\/05\/route-de-vannes.jpg\" title=\"route de vannes\" alt=\"&lt;location uuid=&quot;3cc3f733-b68a-11ed-b0cb-14857faf6170&quot; upos=&quot;0.50416\" loading=\"lazy\" \/>\t\t\t\t\t\t\t\t<\/a>\n\t\t\t\t\t\t\t\t\t\t\t\t\t\t\t<\/div>\n\t\t\t\t<\/div>\n\t\t\t\t\t<\/div>\n\t\t<\/div>\n\t\t\t\t\t<\/div>\n\t\t<\/section>\n\t\t\t\t<section class=\"elementor-section elementor-top-section elementor-element elementor-element-3c3c280b elementor-section-boxed elementor-section-height-default elementor-section-height-default\" data-id=\"3c3c280b\" data-element_type=\"section\">\n\t\t\t\t\t\t<div class=\"elementor-container elementor-column-gap-default\">\n\t\t\t\t\t<div class=\"elementor-column elementor-col-20 elementor-top-column elementor-element elementor-element-52914e7a\" data-id=\"52914e7a\" data-element_type=\"column\">\n\t\t\t<div class=\"elementor-widget-wrap elementor-element-populated\">\n\t\t\t\t\t\t<div class=\"elementor-element elementor-element-54486d2 elementor-widget elementor-widget-image\" data-id=\"54486d2\" data-element_type=\"widget\" data-widget_type=\"image.default\">\n\t\t\t\t<div class=\"elementor-widget-container\">\n\t\t\t\t\t\t\t\t\t\t\t\t\t\t\t\t<a href=\"https:\/\/influenceetcontraste.com\/?page_id=1078(opens%20in%20a%20new%20tab)\">\n\t\t\t\t\t\t\t<img decoding=\"async\" src=\"https:\/\/influenceetcontraste.com\/wp-content\/uploads\/2023\/04\/IMG_8430-2.jpeg\" title=\"IMG_8430 2\" alt=\"IMG_8430 2\" loading=\"lazy\" \/>\t\t\t\t\t\t\t\t<\/a>\n\t\t\t\t\t\t\t\t\t\t\t\t\t\t\t<\/div>\n\t\t\t\t<\/div>\n\t\t\t\t\t<\/div>\n\t\t<\/div>\n\t\t\t\t<div class=\"elementor-column elementor-col-20 elementor-top-column elementor-element elementor-element-bbcbb3\" data-id=\"bbcbb3\" data-element_type=\"column\">\n\t\t\t<div class=\"elementor-widget-wrap elementor-element-populated\">\n\t\t\t\t\t\t<div class=\"elementor-element elementor-element-dd899cb elementor-widget elementor-widget-image\" data-id=\"dd899cb\" data-element_type=\"widget\" data-widget_type=\"image.default\">\n\t\t\t\t<div class=\"elementor-widget-container\">\n\t\t\t\t\t\t\t\t\t\t\t\t\t\t\t\t<a href=\"https:\/\/influenceetcontraste.com\/?page_id=1034(opens%20in%20a%20new%20tab)\">\n\t\t\t\t\t\t\t<img decoding=\"async\" src=\"https:\/\/influenceetcontraste.com\/wp-content\/uploads\/2023\/05\/Cuisine.jpg\" title=\"Cuisine\" alt=\"Cuisine\" loading=\"lazy\" \/>\t\t\t\t\t\t\t\t<\/a>\n\t\t\t\t\t\t\t\t\t\t\t\t\t\t\t<\/div>\n\t\t\t\t<\/div>\n\t\t\t\t\t<\/div>\n\t\t<\/div>\n\t\t\t\t<div class=\"elementor-column elementor-col-20 elementor-top-column elementor-element elementor-element-0602fce\" data-id=\"0602fce\" data-element_type=\"column\">\n\t\t\t<div class=\"elementor-widget-wrap elementor-element-populated\">\n\t\t\t\t\t\t<div class=\"elementor-element elementor-element-44364bb elementor-widget elementor-widget-image\" data-id=\"44364bb\" data-element_type=\"widget\" data-widget_type=\"image.default\">\n\t\t\t\t<div class=\"elementor-widget-container\">\n\t\t\t\t\t\t\t\t\t\t\t\t\t\t\t\t<a href=\"https:\/\/influenceetcontraste.com\/?page_id=1206(opens%20in%20a%20new%20tab)\">\n\t\t\t\t\t\t\t<img decoding=\"async\" src=\"https:\/\/influenceetcontraste.com\/wp-content\/uploads\/2023\/05\/Curie-internet3.jpg\" title=\"Curie internet3\" alt=\"Curie internet3\" loading=\"lazy\" \/>\t\t\t\t\t\t\t\t<\/a>\n\t\t\t\t\t\t\t\t\t\t\t\t\t\t\t<\/div>\n\t\t\t\t<\/div>\n\t\t\t\t\t<\/div>\n\t\t<\/div>\n\t\t\t\t<div class=\"elementor-column elementor-col-20 elementor-top-column elementor-element elementor-element-4c4e61dd\" data-id=\"4c4e61dd\" data-element_type=\"column\">\n\t\t\t<div class=\"elementor-widget-wrap elementor-element-populated\">\n\t\t\t\t\t\t<div class=\"elementor-element elementor-element-e9f90d9 elementor-widget elementor-widget-image\" data-id=\"e9f90d9\" data-element_type=\"widget\" data-widget_type=\"image.default\">\n\t\t\t\t<div class=\"elementor-widget-container\">\n\t\t\t\t\t\t\t\t\t\t\t\t\t\t\t\t<a href=\"https:\/\/influenceetcontraste.com\/?page_id=1065(opens%20in%20a%20new%20tab)\">\n\t\t\t\t\t\t\t<img decoding=\"async\" src=\"https:\/\/influenceetcontraste.com\/wp-content\/uploads\/2023\/05\/Saloninternet.jpg\" title=\"Saloninternet\" alt=\"Saloninternet\" loading=\"lazy\" \/>\t\t\t\t\t\t\t\t<\/a>\n\t\t\t\t\t\t\t\t\t\t\t\t\t\t\t<\/div>\n\t\t\t\t<\/div>\n\t\t\t\t\t<\/div>\n\t\t<\/div>\n\t\t\t\t<div class=\"elementor-column elementor-col-20 elementor-top-column elementor-element elementor-element-9fd0ea9\" data-id=\"9fd0ea9\" data-element_type=\"column\">\n\t\t\t<div class=\"elementor-widget-wrap elementor-element-populated\">\n\t\t\t\t\t\t<div class=\"elementor-element elementor-element-becb114 elementor-widget elementor-widget-image\" data-id=\"becb114\" data-element_type=\"widget\" data-widget_type=\"image.default\">\n\t\t\t\t<div class=\"elementor-widget-container\">\n\t\t\t\t\t\t\t\t\t\t\t\t\t\t\t\t<a href=\"https:\/\/influenceetcontraste.com\/?page_id=1136(opens%20in%20a%20new%20tab)\">\n\t\t\t\t\t\t\t<img decoding=\"async\" src=\"https:\/\/influenceetcontraste.com\/wp-content\/uploads\/2023\/05\/La-baule-catherine.jpg\" title=\"La baule catherine\" alt=\"&lt;location uuid=&quot;d19d0860-cd74-11ed-b0d1-a4e29e873e8d&quot; upos=&quot;0.094554193945905793\" loading=\"lazy\" \/>\t\t\t\t\t\t\t\t<\/a>\n\t\t\t\t\t\t\t\t\t\t\t\t\t\t\t<\/div>\n\t\t\t\t<\/div>\n\t\t\t\t\t<\/div>\n\t\t<\/div>\n\t\t\t\t\t<\/div>\n\t\t<\/section>\n\t\t\t\t<section class=\"elementor-section elementor-top-section elementor-element elementor-element-8d2bd16 elementor-section-boxed elementor-section-height-default elementor-section-height-default\" data-id=\"8d2bd16\" data-element_type=\"section\">\n\t\t\t\t\t\t<div class=\"elementor-container elementor-column-gap-default\">\n\t\t\t\t\t<div class=\"elementor-column elementor-col-20 elementor-top-column elementor-element elementor-element-c36ab28\" data-id=\"c36ab28\" data-element_type=\"column\">\n\t\t\t<div class=\"elementor-widget-wrap elementor-element-populated\">\n\t\t\t\t\t\t<div class=\"elementor-element elementor-element-49783cc elementor-widget elementor-widget-image\" data-id=\"49783cc\" data-element_type=\"widget\" data-widget_type=\"image.default\">\n\t\t\t\t<div class=\"elementor-widget-container\">\n\t\t\t\t\t\t\t\t\t\t\t\t\t\t\t\t<a href=\"https:\/\/influenceetcontraste.com\/?page_id=1206(opens%20in%20a%20new%20tab)\">\n\t\t\t\t\t\t\t<img fetchpriority=\"high\" decoding=\"async\" width=\"683\" height=\"1024\" src=\"https:\/\/influenceetcontraste.com\/wp-content\/uploads\/2023\/05\/curie-internet-2-683x1024.jpg\" class=\"attachment-large size-large wp-image-1322\" alt=\"\" srcset=\"https:\/\/influenceetcontraste.com\/wp-content\/uploads\/2023\/05\/curie-internet-2-683x1024.jpg 683w, https:\/\/influenceetcontraste.com\/wp-content\/uploads\/2023\/05\/curie-internet-2-200x300.jpg 200w, https:\/\/influenceetcontraste.com\/wp-content\/uploads\/2023\/05\/curie-internet-2.jpg 739w\" sizes=\"(max-width: 683px) 100vw, 683px\" \/>\t\t\t\t\t\t\t\t<\/a>\n\t\t\t\t\t\t\t\t\t\t\t\t\t\t\t<\/div>\n\t\t\t\t<\/div>\n\t\t\t\t\t<\/div>\n\t\t<\/div>\n\t\t\t\t<div class=\"elementor-column elementor-col-20 elementor-top-column elementor-element elementor-element-bce34cc\" data-id=\"bce34cc\" data-element_type=\"column\">\n\t\t\t<div class=\"elementor-widget-wrap elementor-element-populated\">\n\t\t\t\t\t\t<div class=\"elementor-element elementor-element-2abe21e elementor-widget elementor-widget-image\" data-id=\"2abe21e\" data-element_type=\"widget\" data-widget_type=\"image.default\">\n\t\t\t\t<div class=\"elementor-widget-container\">\n\t\t\t\t\t\t\t\t\t\t\t\t\t\t\t\t<a href=\"https:\/\/influenceetcontraste.com\/?page_id=1088(opens%20in%20a%20new%20tab)\">\n\t\t\t\t\t\t\t<img decoding=\"async\" width=\"337\" height=\"506\" src=\"https:\/\/influenceetcontraste.com\/wp-content\/uploads\/2023\/05\/guenoilchambre-internet.jpg\" class=\"attachment-large size-large wp-image-1319\" alt=\"\" srcset=\"https:\/\/influenceetcontraste.com\/wp-content\/uploads\/2023\/05\/guenoilchambre-internet.jpg 337w, https:\/\/influenceetcontraste.com\/wp-content\/uploads\/2023\/05\/guenoilchambre-internet-200x300.jpg 200w\" sizes=\"(max-width: 337px) 100vw, 337px\" \/>\t\t\t\t\t\t\t\t<\/a>\n\t\t\t\t\t\t\t\t\t\t\t\t\t\t\t<\/div>\n\t\t\t\t<\/div>\n\t\t\t\t\t<\/div>\n\t\t<\/div>\n\t\t\t\t<div class=\"elementor-column elementor-col-20 elementor-top-column elementor-element elementor-element-1a93df3\" data-id=\"1a93df3\" data-element_type=\"column\">\n\t\t\t<div class=\"elementor-widget-wrap elementor-element-populated\">\n\t\t\t\t\t\t<div class=\"elementor-element elementor-element-ad26819 elementor-widget elementor-widget-image\" data-id=\"ad26819\" data-element_type=\"widget\" data-widget_type=\"image.default\">\n\t\t\t\t<div class=\"elementor-widget-container\">\n\t\t\t\t\t\t\t\t\t\t\t\t\t\t\t\t<a href=\"https:\/\/influenceetcontraste.com\/?page_id=1042(opens%20in%20a%20new%20tab)\">\n\t\t\t\t\t\t\t<img decoding=\"async\" width=\"387\" height=\"580\" src=\"https:\/\/influenceetcontraste.com\/wp-content\/uploads\/2023\/05\/RDV-internet-cuisine.jpg\" class=\"attachment-large size-large wp-image-1324\" alt=\"\" srcset=\"https:\/\/influenceetcontraste.com\/wp-content\/uploads\/2023\/05\/RDV-internet-cuisine.jpg 387w, https:\/\/influenceetcontraste.com\/wp-content\/uploads\/2023\/05\/RDV-internet-cuisine-200x300.jpg 200w\" sizes=\"(max-width: 387px) 100vw, 387px\" \/>\t\t\t\t\t\t\t\t<\/a>\n\t\t\t\t\t\t\t\t\t\t\t\t\t\t\t<\/div>\n\t\t\t\t<\/div>\n\t\t\t\t\t<\/div>\n\t\t<\/div>\n\t\t\t\t<div class=\"elementor-column elementor-col-20 elementor-top-column elementor-element elementor-element-e74f5d8\" data-id=\"e74f5d8\" data-element_type=\"column\">\n\t\t\t<div class=\"elementor-widget-wrap elementor-element-populated\">\n\t\t\t\t\t\t<div class=\"elementor-element elementor-element-25f8022 elementor-widget elementor-widget-image\" data-id=\"25f8022\" data-element_type=\"widget\" data-widget_type=\"image.default\">\n\t\t\t\t<div class=\"elementor-widget-container\">\n\t\t\t\t\t\t\t\t\t\t\t\t\t\t\t\t<a href=\"https:\/\/influenceetcontraste.com\/?page_id=1088(opens%20in%20a%20new%20tab)\">\n\t\t\t\t\t\t\t<img decoding=\"async\" src=\"https:\/\/influenceetcontraste.com\/wp-content\/uploads\/2023\/05\/Guenoil-1-Feuille-11-aquarelle-internet.jpg\" title=\"Guenoil-1-Feuille-11-aquarelle internet\" alt=\"Guenoil-1-Feuille-11-aquarelle internet\" loading=\"lazy\" \/>\t\t\t\t\t\t\t\t<\/a>\n\t\t\t\t\t\t\t\t\t\t\t\t\t\t\t<\/div>\n\t\t\t\t<\/div>\n\t\t\t\t\t<\/div>\n\t\t<\/div>\n\t\t\t\t<div class=\"elementor-column elementor-col-20 elementor-top-column elementor-element elementor-element-32a2cd9\" data-id=\"32a2cd9\" data-element_type=\"column\">\n\t\t\t<div class=\"elementor-widget-wrap elementor-element-populated\">\n\t\t\t\t\t\t<div class=\"elementor-element elementor-element-4391642 elementor-widget elementor-widget-image\" data-id=\"4391642\" data-element_type=\"widget\" data-widget_type=\"image.default\">\n\t\t\t\t<div class=\"elementor-widget-container\">\n\t\t\t\t\t\t\t\t\t\t\t\t\t\t\t\t<a href=\"https:\/\/influenceetcontraste.com\/?page_id=1088(opens%20in%20a%20new%20tab)\">\n\t\t\t\t\t\t\t<img loading=\"lazy\" decoding=\"async\" width=\"682\" height=\"1024\" src=\"https:\/\/influenceetcontraste.com\/wp-content\/uploads\/2023\/05\/Guenoil-exterieur-iternet-682x1024.jpg\" class=\"attachment-large size-large wp-image-1328\" alt=\"\" srcset=\"https:\/\/influenceetcontraste.com\/wp-content\/uploads\/2023\/05\/Guenoil-exterieur-iternet-682x1024.jpg 682w, https:\/\/influenceetcontraste.com\/wp-content\/uploads\/2023\/05\/Guenoil-exterieur-iternet-200x300.jpg 200w, https:\/\/influenceetcontraste.com\/wp-content\/uploads\/2023\/05\/Guenoil-exterieur-iternet.jpg 723w\" sizes=\"(max-width: 682px) 100vw, 682px\" \/>\t\t\t\t\t\t\t\t<\/a>\n\t\t\t\t\t\t\t\t\t\t\t\t\t\t\t<\/div>\n\t\t\t\t<\/div>\n\t\t\t\t\t<\/div>\n\t\t<\/div>\n\t\t\t\t\t<\/div>\n\t\t<\/section>\n\t\t\t\t<\/div>\n\t\t","protected":false},"excerpt":{"rendered":"<p>R\u00e9alisations Vous avez un projet de d\u00e9coration d\u2019int\u00e9rieur ? Influence &amp; Contraste vous propose des conseils personnalis\u00e9s pour apporter du style et du confort \u00e0 votre int\u00e9rieur. Association de couleurs, shopping liste , croquis 3d&#8230;<\/p>\n","protected":false},"author":1,"featured_media":0,"parent":0,"menu_order":0,"comment_status":"closed","ping_status":"closed","template":"","meta":{"footnotes":""},"class_list":["post-30","page","type-page","status-publish","hentry"],"_links":{"self":[{"href":"https:\/\/influenceetcontraste.com\/index.php?rest_route=\/wp\/v2\/pages\/30","targetHints":{"allow":["GET"]}}],"collection":[{"href":"https:\/\/influenceetcontraste.com\/index.php?rest_route=\/wp\/v2\/pages"}],"about":[{"href":"https:\/\/influenceetcontraste.com\/index.php?rest_route=\/wp\/v2\/types\/page"}],"author":[{"embeddable":true,"href":"https:\/\/influenceetcontraste.com\/index.php?rest_route=\/wp\/v2\/users\/1"}],"replies":[{"embeddable":true,"href":"https:\/\/influenceetcontraste.com\/index.php?rest_route=%2Fwp%2Fv2%2Fcomments&post=30"}],"version-history":[{"count":47,"href":"https:\/\/influenceetcontraste.com\/index.php?rest_route=\/wp\/v2\/pages\/30\/revisions"}],"predecessor-version":[{"id":1358,"href":"https:\/\/influenceetcontraste.com\/index.php?rest_route=\/wp\/v2\/pages\/30\/revisions\/1358"}],"wp:attachment":[{"href":"https:\/\/influenceetcontraste.com\/index.php?rest_route=%2Fwp%2Fv2%2Fmedia&parent=30"}],"curies":[{"name":"wp","href":"https:\/\/api.w.org\/{rel}","templated":true}]}}