{"id":360,"date":"2019-11-13T09:24:29","date_gmt":"2019-11-13T08:24:29","guid":{"rendered":"http:\/\/influenceetcontraste.com\/?page_id=360"},"modified":"2023-03-29T11:53:58","modified_gmt":"2023-03-29T09:53:58","slug":"prestations-pro","status":"publish","type":"page","link":"https:\/\/influenceetcontraste.com\/?page_id=360","title":{"rendered":"Prestations Pro"},"content":{"rendered":"\t\t<div data-elementor-type=\"wp-page\" data-elementor-id=\"360\" class=\"elementor elementor-360\">\n\t\t\t\t\t\t<section class=\"elementor-section elementor-top-section elementor-element elementor-element-43b01109 elementor-section-boxed elementor-section-height-default elementor-section-height-default\" data-id=\"43b01109\" data-element_type=\"section\">\n\t\t\t\t\t\t<div class=\"elementor-container elementor-column-gap-default\">\n\t\t\t\t\t<div class=\"elementor-column elementor-col-100 elementor-top-column elementor-element elementor-element-2743ef28\" data-id=\"2743ef28\" data-element_type=\"column\">\n\t\t\t<div class=\"elementor-widget-wrap elementor-element-populated\">\n\t\t\t\t\t\t<div class=\"elementor-element elementor-element-339570fd elementor-widget elementor-widget-spacer\" data-id=\"339570fd\" data-element_type=\"widget\" data-widget_type=\"spacer.default\">\n\t\t\t\t<div class=\"elementor-widget-container\">\n\t\t\t\t\t\t\t<div class=\"elementor-spacer\">\n\t\t\t<div class=\"elementor-spacer-inner\"><\/div>\n\t\t<\/div>\n\t\t\t\t\t\t<\/div>\n\t\t\t\t<\/div>\n\t\t\t\t<div class=\"elementor-element elementor-element-3d49b50a elementor-widget elementor-widget-heading\" data-id=\"3d49b50a\" data-element_type=\"widget\" data-widget_type=\"heading.default\">\n\t\t\t\t<div class=\"elementor-widget-container\">\n\t\t\t\t\t<h2 class=\"elementor-heading-title elementor-size-default\">Prestations Pro<\/h2>\t\t\t\t<\/div>\n\t\t\t\t<\/div>\n\t\t\t\t<div class=\"elementor-element elementor-element-2aeb98cc elementor-widget elementor-widget-text-editor\" data-id=\"2aeb98cc\" data-element_type=\"widget\" data-widget_type=\"text-editor.default\">\n\t\t\t\t<div class=\"elementor-widget-container\">\n\t\t\t\t\t\t\t\t\t<p><img fetchpriority=\"high\" decoding=\"async\" src=\"http:\/\/influenceetcontraste.com\/wp-content\/uploads\/2019\/10\/logo9-300x300.png\" alt=\"\" width=\"300\" height=\"300\" class=\"size-medium wp-image-168 aligncenter\" srcset=\"https:\/\/influenceetcontraste.com\/wp-content\/uploads\/2019\/10\/logo9-300x300.png 300w, https:\/\/influenceetcontraste.com\/wp-content\/uploads\/2019\/10\/logo9-150x150.png 150w, https:\/\/influenceetcontraste.com\/wp-content\/uploads\/2019\/10\/logo9-768x768.png 768w, https:\/\/influenceetcontraste.com\/wp-content\/uploads\/2019\/10\/logo9-1024x1024.png 1024w\" sizes=\"(max-width: 300px) 100vw, 300px\" \/>Vous avez un projet de home staging, d&#8217;ameublement de projet de meubl\u00e9, appartement t\u00e9moin ou locatif? Je vous propose des conseils de d\u00e9coration personnalis\u00e9s et adapt\u00e9s \u00e0 vos besoins.<\/p>\t\t\t\t\t\t\t\t<\/div>\n\t\t\t\t<\/div>\n\t\t\t\t\t<\/div>\n\t\t<\/div>\n\t\t\t\t\t<\/div>\n\t\t<\/section>\n\t\t\t\t<section class=\"elementor-section elementor-top-section elementor-element elementor-element-7be735b4 elementor-section-boxed elementor-section-height-default elementor-section-height-default\" data-id=\"7be735b4\" data-element_type=\"section\">\n\t\t\t\t\t\t<div class=\"elementor-container elementor-column-gap-default\">\n\t\t\t\t\t<div class=\"elementor-column elementor-col-100 elementor-top-column elementor-element elementor-element-19f41882\" data-id=\"19f41882\" data-element_type=\"column\">\n\t\t\t<div class=\"elementor-widget-wrap elementor-element-populated\">\n\t\t\t\t\t\t<div class=\"elementor-element elementor-element-195114a4 elementor-widget elementor-widget-heading\" data-id=\"195114a4\" data-element_type=\"widget\" data-widget_type=\"heading.default\">\n\t\t\t\t<div class=\"elementor-widget-container\">\n\t\t\t\t\t<h5 class=\"elementor-heading-title elementor-size-default\">Contacter nos \u00e9quipes pour un RDV<\/h5>\t\t\t\t<\/div>\n\t\t\t\t<\/div>\n\t\t\t\t<div class=\"elementor-element elementor-element-67ae0793 elementor-widget elementor-widget-text-editor\" data-id=\"67ae0793\" data-element_type=\"widget\" data-widget_type=\"text-editor.default\">\n\t\t\t\t<div class=\"elementor-widget-container\">\n\t\t\t\t\t\t\t\t\t<p>Nous \u00e9changeons sur votre projet de d\u00e9coration d\u2019int\u00e9rieur (envie , inspiration, budget &#8230;). R\u00e9alisation d\u2019un m\u00e9tr\u00e9 ainsi qu\u2019un reportage photo pour r\u00e9aliser votre projet.<\/p><ul class=\"list_accueil\"><li>Bureaux<\/li><li>Salles de coworking<\/li><li>Espaces d&#8217;accueil et d&#8217;attente<\/li><li>Appartements t\u00e9moins<\/li><\/ul>\t\t\t\t\t\t\t\t<\/div>\n\t\t\t\t<\/div>\n\t\t\t\t\t<\/div>\n\t\t<\/div>\n\t\t\t\t\t<\/div>\n\t\t<\/section>\n\t\t\t\t<section class=\"elementor-section elementor-top-section elementor-element elementor-element-62210687 elementor-section-boxed elementor-section-height-default elementor-section-height-default\" data-id=\"62210687\" data-element_type=\"section\">\n\t\t\t\t\t\t<div class=\"elementor-container elementor-column-gap-default\">\n\t\t\t\t\t<div class=\"elementor-column elementor-col-100 elementor-top-column elementor-element elementor-element-78d8472b\" data-id=\"78d8472b\" data-element_type=\"column\">\n\t\t\t<div class=\"elementor-widget-wrap elementor-element-populated\">\n\t\t\t\t\t\t<div class=\"elementor-element elementor-element-2a61b228 elementor-widget elementor-widget-spacer\" data-id=\"2a61b228\" data-element_type=\"widget\" data-widget_type=\"spacer.default\">\n\t\t\t\t<div class=\"elementor-widget-container\">\n\t\t\t\t\t\t\t<div class=\"elementor-spacer\">\n\t\t\t<div class=\"elementor-spacer-inner\"><\/div>\n\t\t<\/div>\n\t\t\t\t\t\t<\/div>\n\t\t\t\t<\/div>\n\t\t\t\t\t<\/div>\n\t\t<\/div>\n\t\t\t\t\t<\/div>\n\t\t<\/section>\n\t\t\t\t<section class=\"elementor-section elementor-top-section elementor-element elementor-element-5225d2ce elementor-section-boxed elementor-section-height-default elementor-section-height-default\" data-id=\"5225d2ce\" data-element_type=\"section\">\n\t\t\t\t\t\t<div class=\"elementor-container elementor-column-gap-default\">\n\t\t\t\t\t<div class=\"elementor-column elementor-col-100 elementor-top-column elementor-element elementor-element-6b441df4\" data-id=\"6b441df4\" data-element_type=\"column\">\n\t\t\t<div class=\"elementor-widget-wrap elementor-element-populated\">\n\t\t\t\t\t\t<div class=\"elementor-element elementor-element-3278ac83 elementor-widget__width-initial elementor-widget elementor-widget-content_form_contact\" data-id=\"3278ac83\" data-element_type=\"widget\" data-widget_type=\"content_form_contact.default\">\n\t\t\t\t<div class=\"elementor-widget-container\">\n\t\t\t\t\t<form action=\"https:\/\/influenceetcontraste.com\/wp-admin\/admin-post.php\" method=\"post\" name=\"content-form-3278ac83\" id=\"content-form-3278ac83\" class=\"ti-cf-module content-form content-form-contact content_form_contact\"><input type=\"hidden\" id=\"_wpnonce_contact\" name=\"_wpnonce_contact\" value=\"000f765f99\" \/><input type=\"hidden\" name=\"_wp_http_referer\" value=\"\/index.php?rest_route=%2Fwp%2Fv2%2Fpages%2F360\" \/><input type=\"hidden\" name=\"action\" value=\"content_form_submit\" \/><input type=\"hidden\" name=\"form-type\" value=\"contact\" \/><input type=\"hidden\" name=\"form-builder\" value=\"elementor\" \/><input type=\"hidden\" name=\"post-id\" value=\"360\" \/><input type=\"hidden\" name=\"form-id\" value=\"3278ac83\" \/><fieldset class=&quot;content-form-field-text elementor-column elementor-col-100&quot;><label for=\"data[3278ac83][name]\" >Nom<span class=\"required-mark\"> *<\/span><\/label><input type=\"text\" name=\"data[3278ac83][name]\" id=\"data[3278ac83][name]\" required=required  placeholder=\"Votre nom\"><\/fieldset><fieldset class=&quot;content-form-field-email elementor-column elementor-col-100&quot;><label for=\"data[3278ac83][email]\" >Email<span class=\"required-mark\"> *<\/span><\/label><input type=\"text\" name=\"data[3278ac83][email]\" id=\"data[3278ac83][email]\" required=required  placeholder=\"Votre email\"><\/fieldset><fieldset class=&quot;content-form-field-number elementor-column elementor-col-100&quot;><label for=\"data[3278ac83][phone]\" >T\u00e9l\u00e9phone<\/label><input type=\"text\" name=\"data[3278ac83][phone]\" id=\"data[3278ac83][phone]\"   placeholder=\"N\u00b0 de t\u00e9l\u00e9phone\"><\/fieldset><fieldset class=&quot;content-form-field-textarea elementor-column elementor-col-100&quot;><label for=\"data[3278ac83][message]\" >Message<span class=\"required-mark\"> *<\/span><\/label><textarea name=\"data[3278ac83][message]\" id=\"data[3278ac83][message]\"  required=required placeholder=\"Votre message\" cols=\"30\" rows=\"5\"><\/textarea><\/fieldset><fieldset class=\"submit-form contact\"><button type=\"submit\" name=\"submit\"  value=\"submit-contact-3278ac83\" class=\"\">Envoyer Message<\/button><\/fieldset><input\n                    class=\"apbct_special_field apbct_email_id__elementor_form\"\n                    name=\"apbct__email_id__elementor_form\"\n                    aria-label=\"apbct__label_id__elementor_form\"\n                    type=\"text\" size=\"30\" maxlength=\"200\" autocomplete=\"off\"\n                    value=\"\"\n                \/><\/form>\t\t\t\t<\/div>\n\t\t\t\t<\/div>\n\t\t\t\t\t<\/div>\n\t\t<\/div>\n\t\t\t\t\t<\/div>\n\t\t<\/section>\n\t\t\t\t<\/div>\n\t\t","protected":false},"excerpt":{"rendered":"<p>Prestations Pro Vous avez un projet de home staging, d&#8217;ameublement de projet de meubl\u00e9, appartement t\u00e9moin ou locatif? Je vous propose des conseils de d\u00e9coration personnalis\u00e9s et adapt\u00e9s \u00e0 vos besoins. Contacter nos \u00e9quipes pour un RDV Nous \u00e9changeons sur votre projet de d\u00e9coration d\u2019int\u00e9rieur (envie , inspiration, budget &#8230;).<\/p>\n","protected":false},"author":1,"featured_media":0,"parent":0,"menu_order":0,"comment_status":"closed","ping_status":"closed","template":"","meta":{"footnotes":""},"class_list":["post-360","page","type-page","status-publish","hentry"],"_links":{"self":[{"href":"https:\/\/influenceetcontraste.com\/index.php?rest_route=\/wp\/v2\/pages\/360","targetHints":{"allow":["GET"]}}],"collection":[{"href":"https:\/\/influenceetcontraste.com\/index.php?rest_route=\/wp\/v2\/pages"}],"about":[{"href":"https:\/\/influenceetcontraste.com\/index.php?rest_route=\/wp\/v2\/types\/page"}],"author":[{"embeddable":true,"href":"https:\/\/influenceetcontraste.com\/index.php?rest_route=\/wp\/v2\/users\/1"}],"replies":[{"embeddable":true,"href":"https:\/\/influenceetcontraste.com\/index.php?rest_route=%2Fwp%2Fv2%2Fcomments&post=360"}],"version-history":[{"count":17,"href":"https:\/\/influenceetcontraste.com\/index.php?rest_route=\/wp\/v2\/pages\/360\/revisions"}],"predecessor-version":[{"id":1027,"href":"https:\/\/influenceetcontraste.com\/index.php?rest_route=\/wp\/v2\/pages\/360\/revisions\/1027"}],"wp:attachment":[{"href":"https:\/\/influenceetcontraste.com\/index.php?rest_route=%2Fwp%2Fv2%2Fmedia&parent=360"}],"curies":[{"name":"wp","href":"https:\/\/api.w.org\/{rel}","templated":true}]}}