{"id":6,"date":"2019-10-18T10:48:09","date_gmt":"2019-10-18T08:48:09","guid":{"rendered":"http:\/\/influenceetcontraste.com\/?page_id=6"},"modified":"2023-07-03T10:54:06","modified_gmt":"2023-07-03T08:54:06","slug":"accueil","status":"publish","type":"page","link":"https:\/\/influenceetcontraste.com\/","title":{"rendered":"Accueil"},"content":{"rendered":"\t\t<div data-elementor-type=\"wp-page\" data-elementor-id=\"6\" class=\"elementor elementor-6\">\n\t\t\t\t\t\t<section class=\"elementor-section elementor-top-section elementor-element elementor-element-6779490f elementor-section-content-middle elementor-section-stretched elementor-section-boxed elementor-section-height-default elementor-section-height-default\" data-id=\"6779490f\" data-element_type=\"section\" data-settings=\"{&quot;background_background&quot;:&quot;classic&quot;,&quot;stretch_section&quot;:&quot;section-stretched&quot;}\">\n\t\t\t\t\t\t<div class=\"elementor-container elementor-column-gap-no\">\n\t\t\t\t\t<div class=\"elementor-column elementor-col-50 elementor-top-column elementor-element elementor-element-79f73744 about-section1\" data-id=\"79f73744\" data-element_type=\"column\" data-settings=\"{&quot;background_background&quot;:&quot;classic&quot;}\">\n\t\t\t<div class=\"elementor-widget-wrap elementor-element-populated\">\n\t\t\t\t\t<div class=\"elementor-background-overlay\"><\/div>\n\t\t\t\t\t\t<div class=\"elementor-element elementor-element-679e4d60 about-section1 elementor-widget elementor-widget-image\" data-id=\"679e4d60\" data-element_type=\"widget\" data-widget_type=\"image.default\">\n\t\t\t\t<div class=\"elementor-widget-container\">\n\t\t\t\t\t\t\t\t\t\t\t\t\t\t\t<img fetchpriority=\"high\" decoding=\"async\" width=\"1612\" height=\"2000\" src=\"https:\/\/influenceetcontraste.com\/wp-content\/uploads\/2022\/12\/photo-pelagie-de-butler-decoratrice-nantes.jpg\" class=\"attachment-full size-full wp-image-990\" alt=\"\" srcset=\"https:\/\/influenceetcontraste.com\/wp-content\/uploads\/2022\/12\/photo-pelagie-de-butler-decoratrice-nantes.jpg 1612w, https:\/\/influenceetcontraste.com\/wp-content\/uploads\/2022\/12\/photo-pelagie-de-butler-decoratrice-nantes-242x300.jpg 242w, https:\/\/influenceetcontraste.com\/wp-content\/uploads\/2022\/12\/photo-pelagie-de-butler-decoratrice-nantes-768x953.jpg 768w, https:\/\/influenceetcontraste.com\/wp-content\/uploads\/2022\/12\/photo-pelagie-de-butler-decoratrice-nantes-825x1024.jpg 825w\" sizes=\"(max-width: 1612px) 100vw, 1612px\" \/>\t\t\t\t\t\t\t\t\t\t\t\t\t\t\t<\/div>\n\t\t\t\t<\/div>\n\t\t\t\t\t<\/div>\n\t\t<\/div>\n\t\t\t\t<div class=\"elementor-column elementor-col-50 elementor-top-column elementor-element elementor-element-4a9302d9 about-section1\" data-id=\"4a9302d9\" data-element_type=\"column\" data-settings=\"{&quot;background_background&quot;:&quot;classic&quot;}\">\n\t\t\t<div class=\"elementor-widget-wrap elementor-element-populated\">\n\t\t\t\t\t\t<div class=\"elementor-element elementor-element-68035837 elementor-view-default elementor-widget elementor-widget-icon\" data-id=\"68035837\" data-element_type=\"widget\" data-widget_type=\"icon.default\">\n\t\t\t\t<div class=\"elementor-widget-container\">\n\t\t\t\t\t\t\t<div class=\"elementor-icon-wrapper\">\n\t\t\t<div class=\"elementor-icon\">\n\t\t\t<i aria-hidden=\"true\" class=\"fas fa-quote-left\"><\/i>\t\t\t<\/div>\n\t\t<\/div>\n\t\t\t\t\t\t<\/div>\n\t\t\t\t<\/div>\n\t\t\t\t<div class=\"elementor-element elementor-element-618fe18b elementor-widget elementor-widget-text-editor\" data-id=\"618fe18b\" data-element_type=\"widget\" data-widget_type=\"text-editor.default\">\n\t\t\t\t<div class=\"elementor-widget-container\">\n\t\t\t\t\t\t\t\t\t<div><p class=\"MsoNormal\" style=\"margin: 0cm 0cm 0.0001pt; font-size: 12pt; font-family: Calibri;\">Apr\u00e8s des \u00e9tudes aux Beaux Arts, graphiste DA pendant 15 ans, passionn\u00e9e de d\u00e9coration. C\u2019est tout naturellement qu\u2019aujourd\u2019hui, je distille avec passion mes conseils pour am\u00e9liorer votre quotidien, aussi bien \u00e0 la maison que dans le milieu professionnel.<\/p><p class=\"MsoNormal\" style=\"margin: 0cm 0cm 0.0001pt; font-size: 12pt; font-family: Calibri;\">Avec nos partenaires nous sommes \u00e0 votre \u00e9coute pour r\u00e9aliser votre projet.<\/p><\/div>\t\t\t\t\t\t\t\t<\/div>\n\t\t\t\t<\/div>\n\t\t\t\t<div class=\"elementor-element elementor-element-2649d04c elementor-widget elementor-widget-heading\" data-id=\"2649d04c\" data-element_type=\"widget\" data-widget_type=\"heading.default\">\n\t\t\t\t<div class=\"elementor-widget-container\">\n\t\t\t\t\t<h2 class=\"elementor-heading-title elementor-size-default\">P\u00e9lagie de Butler<\/h2>\t\t\t\t<\/div>\n\t\t\t\t<\/div>\n\t\t\t\t<div class=\"elementor-element elementor-element-510b08ce elementor-widget elementor-widget-heading\" data-id=\"510b08ce\" data-element_type=\"widget\" data-widget_type=\"heading.default\">\n\t\t\t\t<div class=\"elementor-widget-container\">\n\t\t\t\t\t<h2 class=\"elementor-heading-title elementor-size-default\">Decoratrice d'interieur<br><\/h2>\t\t\t\t<\/div>\n\t\t\t\t<\/div>\n\t\t\t\t\t<\/div>\n\t\t<\/div>\n\t\t\t\t\t<\/div>\n\t\t<\/section>\n\t\t\t\t<\/div>\n\t\t","protected":false},"excerpt":{"rendered":"<p>Apr\u00e8s des \u00e9tudes aux Beaux Arts, graphiste DA pendant 15 ans, passionn\u00e9e de d\u00e9coration. C\u2019est tout naturellement qu\u2019aujourd\u2019hui, je distille avec passion mes conseils pour am\u00e9liorer votre quotidien, aussi bien \u00e0 la maison que dans le milieu professionnel. Avec nos partenaires nous sommes \u00e0 votre \u00e9coute pour r\u00e9aliser votre projet.<\/p>\n","protected":false},"author":1,"featured_media":494,"parent":0,"menu_order":0,"comment_status":"closed","ping_status":"closed","template":"","meta":{"footnotes":""},"class_list":["post-6","page","type-page","status-publish","has-post-thumbnail","hentry"],"_links":{"self":[{"href":"https:\/\/influenceetcontraste.com\/index.php?rest_route=\/wp\/v2\/pages\/6","targetHints":{"allow":["GET"]}}],"collection":[{"href":"https:\/\/influenceetcontraste.com\/index.php?rest_route=\/wp\/v2\/pages"}],"about":[{"href":"https:\/\/influenceetcontraste.com\/index.php?rest_route=\/wp\/v2\/types\/page"}],"author":[{"embeddable":true,"href":"https:\/\/influenceetcontraste.com\/index.php?rest_route=\/wp\/v2\/users\/1"}],"replies":[{"embeddable":true,"href":"https:\/\/influenceetcontraste.com\/index.php?rest_route=%2Fwp%2Fv2%2Fcomments&post=6"}],"version-history":[{"count":43,"href":"https:\/\/influenceetcontraste.com\/index.php?rest_route=\/wp\/v2\/pages\/6\/revisions"}],"predecessor-version":[{"id":1000,"href":"https:\/\/influenceetcontraste.com\/index.php?rest_route=\/wp\/v2\/pages\/6\/revisions\/1000"}],"wp:featuredmedia":[{"embeddable":true,"href":"https:\/\/influenceetcontraste.com\/index.php?rest_route=\/wp\/v2\/media\/494"}],"wp:attachment":[{"href":"https:\/\/influenceetcontraste.com\/index.php?rest_route=%2Fwp%2Fv2%2Fmedia&parent=6"}],"curies":[{"name":"wp","href":"https:\/\/api.w.org\/{rel}","templated":true}]}}