{"id":869,"date":"2020-11-05T13:49:37","date_gmt":"2020-11-05T12:49:37","guid":{"rendered":"http:\/\/influenceetcontraste.com\/?page_id=869"},"modified":"2023-05-03T11:18:54","modified_gmt":"2023-05-03T09:18:54","slug":"appartement-temoin-ed","status":"publish","type":"page","link":"https:\/\/influenceetcontraste.com\/?page_id=869","title":{"rendered":"Appartement t\u00e9moin ED"},"content":{"rendered":"\t\t<div data-elementor-type=\"wp-page\" data-elementor-id=\"869\" class=\"elementor elementor-869\">\n\t\t\t\t\t\t<section class=\"elementor-section elementor-top-section elementor-element elementor-element-13198612 elementor-section-boxed elementor-section-height-default elementor-section-height-default\" data-id=\"13198612\" data-element_type=\"section\" data-settings=\"{&quot;background_background&quot;:&quot;classic&quot;}\">\n\t\t\t\t\t\t<div class=\"elementor-container elementor-column-gap-default\">\n\t\t\t\t\t<div class=\"elementor-column elementor-col-100 elementor-top-column elementor-element elementor-element-7383fb9c\" data-id=\"7383fb9c\" data-element_type=\"column\">\n\t\t\t<div class=\"elementor-widget-wrap elementor-element-populated\">\n\t\t\t\t\t\t<div class=\"elementor-element elementor-element-64cad226 elementor-widget elementor-widget-text-editor\" data-id=\"64cad226\" data-element_type=\"widget\" data-widget_type=\"text-editor.default\">\n\t\t\t\t<div class=\"elementor-widget-container\">\n\t\t\t\t\t\t\t\t\t<p>Appartement t\u00e9moin T4\u00a0\u00a0<\/p>\t\t\t\t\t\t\t\t<\/div>\n\t\t\t\t<\/div>\n\t\t\t\t<div class=\"elementor-element elementor-element-22938894 elementor-widget elementor-widget-text-editor\" data-id=\"22938894\" data-element_type=\"widget\" data-widget_type=\"text-editor.default\">\n\t\t\t\t<div class=\"elementor-widget-container\">\n\t\t\t\t\t\t\t\t\t<p>R\u00e9sidence le Clos Naturalia<\/p>\n<p>Am\u00e9nagement d&#8217;un appartement T4 de 95 m2 en duplex \u00e0 St Herblain pour le promoteur Edouard Denis.\u00a0<\/p>\t\t\t\t\t\t\t\t<\/div>\n\t\t\t\t<\/div>\n\t\t\t\t<div class=\"elementor-element elementor-element-76e3dd8e elementor-widget elementor-widget-image\" data-id=\"76e3dd8e\" data-element_type=\"widget\" data-widget_type=\"image.default\">\n\t\t\t\t<div class=\"elementor-widget-container\">\n\t\t\t\t\t\t\t\t\t\t\t\t\t\t\t<img fetchpriority=\"high\" decoding=\"async\" width=\"480\" height=\"640\" src=\"https:\/\/influenceetcontraste.com\/wp-content\/uploads\/2020\/11\/IMG_0221.jpg\" class=\"attachment-large size-large wp-image-891\" alt=\"\" srcset=\"https:\/\/influenceetcontraste.com\/wp-content\/uploads\/2020\/11\/IMG_0221.jpg 480w, https:\/\/influenceetcontraste.com\/wp-content\/uploads\/2020\/11\/IMG_0221-225x300.jpg 225w\" sizes=\"(max-width: 480px) 100vw, 480px\" \/>\t\t\t\t\t\t\t\t\t\t\t\t\t\t\t<\/div>\n\t\t\t\t<\/div>\n\t\t\t\t\t<\/div>\n\t\t<\/div>\n\t\t\t\t\t<\/div>\n\t\t<\/section>\n\t\t\t\t<section class=\"elementor-section elementor-top-section elementor-element elementor-element-54351a93 elementor-section-boxed elementor-section-height-default elementor-section-height-default\" data-id=\"54351a93\" data-element_type=\"section\" data-settings=\"{&quot;background_background&quot;:&quot;classic&quot;}\">\n\t\t\t\t\t\t<div class=\"elementor-container elementor-column-gap-default\">\n\t\t\t\t\t<div class=\"elementor-column elementor-col-100 elementor-top-column elementor-element elementor-element-2be713e9\" data-id=\"2be713e9\" data-element_type=\"column\">\n\t\t\t<div class=\"elementor-widget-wrap elementor-element-populated\">\n\t\t\t\t\t\t\t<\/div>\n\t\t<\/div>\n\t\t\t\t\t<\/div>\n\t\t<\/section>\n\t\t\t\t<section class=\"elementor-section elementor-top-section elementor-element elementor-element-686d993c elementor-section-content-middle elementor-section-boxed elementor-section-height-default elementor-section-height-default\" data-id=\"686d993c\" data-element_type=\"section\">\n\t\t\t\t\t\t<div class=\"elementor-container elementor-column-gap-default\">\n\t\t\t\t\t<div class=\"elementor-column elementor-col-50 elementor-top-column elementor-element elementor-element-1cbefcb\" data-id=\"1cbefcb\" data-element_type=\"column\">\n\t\t\t<div class=\"elementor-widget-wrap elementor-element-populated\">\n\t\t\t\t\t\t<div class=\"elementor-element elementor-element-417fd4cb elementor-widget elementor-widget-heading\" data-id=\"417fd4cb\" data-element_type=\"widget\" data-widget_type=\"heading.default\">\n\t\t\t\t<div class=\"elementor-widget-container\">\n\t\t\t\t\t<h3 class=\"elementor-heading-title elementor-size-large\">Salon <\/h3>\t\t\t\t<\/div>\n\t\t\t\t<\/div>\n\t\t\t\t<div class=\"elementor-element elementor-element-1b6756d0 elementor-widget elementor-widget-text-editor\" data-id=\"1b6756d0\" data-element_type=\"widget\" data-widget_type=\"text-editor.default\">\n\t\t\t\t<div class=\"elementor-widget-container\">\n\t\t\t\t\t\t\t\t\t<p>Proposition d&#8217;am\u00e9nagement pour un espace chaleureux et fonctionnel.<\/p>\t\t\t\t\t\t\t\t<\/div>\n\t\t\t\t<\/div>\n\t\t\t\t\t<\/div>\n\t\t<\/div>\n\t\t\t\t<div class=\"elementor-column elementor-col-50 elementor-top-column elementor-element elementor-element-6837580c\" data-id=\"6837580c\" data-element_type=\"column\">\n\t\t\t<div class=\"elementor-widget-wrap elementor-element-populated\">\n\t\t\t\t\t\t<div class=\"elementor-element elementor-element-6ea4165 elementor-widget elementor-widget-image\" data-id=\"6ea4165\" data-element_type=\"widget\" data-widget_type=\"image.default\">\n\t\t\t\t<div class=\"elementor-widget-container\">\n\t\t\t\t\t\t\t\t\t\t\t\t\t\t\t<img decoding=\"async\" width=\"480\" height=\"640\" src=\"https:\/\/influenceetcontraste.com\/wp-content\/uploads\/2020\/11\/IMG_0239.jpg\" class=\"attachment-full size-full wp-image-893\" alt=\"\" srcset=\"https:\/\/influenceetcontraste.com\/wp-content\/uploads\/2020\/11\/IMG_0239.jpg 480w, https:\/\/influenceetcontraste.com\/wp-content\/uploads\/2020\/11\/IMG_0239-225x300.jpg 225w\" sizes=\"(max-width: 480px) 100vw, 480px\" \/>\t\t\t\t\t\t\t\t\t\t\t\t\t\t\t<\/div>\n\t\t\t\t<\/div>\n\t\t\t\t\t<\/div>\n\t\t<\/div>\n\t\t\t\t\t<\/div>\n\t\t<\/section>\n\t\t\t\t<section class=\"elementor-section elementor-top-section elementor-element elementor-element-7f5287c elementor-section-content-middle elementor-reverse-mobile elementor-section-boxed elementor-section-height-default elementor-section-height-default\" data-id=\"7f5287c\" data-element_type=\"section\">\n\t\t\t\t\t\t<div class=\"elementor-container elementor-column-gap-default\">\n\t\t\t\t\t<div class=\"elementor-column elementor-col-50 elementor-top-column elementor-element elementor-element-5f06c53b\" data-id=\"5f06c53b\" data-element_type=\"column\">\n\t\t\t<div class=\"elementor-widget-wrap elementor-element-populated\">\n\t\t\t\t\t\t<div class=\"elementor-element elementor-element-ae8bb22 elementor-widget elementor-widget-image\" data-id=\"ae8bb22\" data-element_type=\"widget\" data-widget_type=\"image.default\">\n\t\t\t\t<div class=\"elementor-widget-container\">\n\t\t\t\t\t\t\t\t\t\t\t\t\t\t\t<img decoding=\"async\" width=\"1440\" height=\"1440\" src=\"https:\/\/influenceetcontraste.com\/wp-content\/uploads\/2020\/11\/27FCA69B-559F-4E72-9565-41555FE2D327.jpg\" class=\"attachment-full size-full wp-image-875\" alt=\"\" srcset=\"https:\/\/influenceetcontraste.com\/wp-content\/uploads\/2020\/11\/27FCA69B-559F-4E72-9565-41555FE2D327.jpg 1440w, https:\/\/influenceetcontraste.com\/wp-content\/uploads\/2020\/11\/27FCA69B-559F-4E72-9565-41555FE2D327-150x150.jpg 150w, https:\/\/influenceetcontraste.com\/wp-content\/uploads\/2020\/11\/27FCA69B-559F-4E72-9565-41555FE2D327-300x300.jpg 300w, https:\/\/influenceetcontraste.com\/wp-content\/uploads\/2020\/11\/27FCA69B-559F-4E72-9565-41555FE2D327-768x768.jpg 768w, https:\/\/influenceetcontraste.com\/wp-content\/uploads\/2020\/11\/27FCA69B-559F-4E72-9565-41555FE2D327-1024x1024.jpg 1024w\" sizes=\"(max-width: 1440px) 100vw, 1440px\" \/>\t\t\t\t\t\t\t\t\t\t\t\t\t\t\t<\/div>\n\t\t\t\t<\/div>\n\t\t\t\t\t<\/div>\n\t\t<\/div>\n\t\t\t\t<div class=\"elementor-column elementor-col-50 elementor-top-column elementor-element elementor-element-5be53f25\" data-id=\"5be53f25\" data-element_type=\"column\">\n\t\t\t<div class=\"elementor-widget-wrap elementor-element-populated\">\n\t\t\t\t\t\t<div class=\"elementor-element elementor-element-24208d86 elementor-widget elementor-widget-heading\" data-id=\"24208d86\" data-element_type=\"widget\" data-widget_type=\"heading.default\">\n\t\t\t\t<div class=\"elementor-widget-container\">\n\t\t\t\t\t<h3 class=\"elementor-heading-title elementor-size-large\">Chambre enfant <\/h3>\t\t\t\t<\/div>\n\t\t\t\t<\/div>\n\t\t\t\t\t<\/div>\n\t\t<\/div>\n\t\t\t\t\t<\/div>\n\t\t<\/section>\n\t\t\t\t<section class=\"elementor-section elementor-top-section elementor-element elementor-element-49e792b5 elementor-section-content-middle elementor-section-boxed elementor-section-height-default elementor-section-height-default\" data-id=\"49e792b5\" data-element_type=\"section\" data-settings=\"{&quot;background_background&quot;:&quot;classic&quot;}\">\n\t\t\t\t\t\t<div class=\"elementor-container elementor-column-gap-default\">\n\t\t\t\t\t<div class=\"elementor-column elementor-col-50 elementor-top-column elementor-element elementor-element-25451956\" data-id=\"25451956\" data-element_type=\"column\">\n\t\t\t<div class=\"elementor-widget-wrap elementor-element-populated\">\n\t\t\t\t\t\t<div class=\"elementor-element elementor-element-6991078b elementor-widget elementor-widget-heading\" data-id=\"6991078b\" data-element_type=\"widget\" data-widget_type=\"heading.default\">\n\t\t\t\t<div class=\"elementor-widget-container\">\n\t\t\t\t\t<h3 class=\"elementor-heading-title elementor-size-large\">Salle \u00e0 manger<\/h3>\t\t\t\t<\/div>\n\t\t\t\t<\/div>\n\t\t\t\t<div class=\"elementor-element elementor-element-4df0430e elementor-widget elementor-widget-text-editor\" data-id=\"4df0430e\" data-element_type=\"widget\" data-widget_type=\"text-editor.default\">\n\t\t\t\t<div class=\"elementor-widget-container\">\n\t\t\t\t\t\t\t\t\t<p>Une piece de vie accueillante pour de futurs acqu\u00e9reurs.<\/p>\t\t\t\t\t\t\t\t<\/div>\n\t\t\t\t<\/div>\n\t\t\t\t\t<\/div>\n\t\t<\/div>\n\t\t\t\t<div class=\"elementor-column elementor-col-50 elementor-top-column elementor-element elementor-element-23337e8a\" data-id=\"23337e8a\" data-element_type=\"column\">\n\t\t\t<div class=\"elementor-widget-wrap elementor-element-populated\">\n\t\t\t\t\t\t<div class=\"elementor-element elementor-element-72785cc3 elementor-widget elementor-widget-image\" data-id=\"72785cc3\" data-element_type=\"widget\" data-widget_type=\"image.default\">\n\t\t\t\t<div class=\"elementor-widget-container\">\n\t\t\t\t\t\t\t\t\t\t\t\t\t\t\t<img loading=\"lazy\" decoding=\"async\" width=\"480\" height=\"640\" src=\"https:\/\/influenceetcontraste.com\/wp-content\/uploads\/2020\/11\/IMG_0222.jpg\" class=\"attachment-full size-full wp-image-892\" alt=\"\" srcset=\"https:\/\/influenceetcontraste.com\/wp-content\/uploads\/2020\/11\/IMG_0222.jpg 480w, https:\/\/influenceetcontraste.com\/wp-content\/uploads\/2020\/11\/IMG_0222-225x300.jpg 225w\" sizes=\"(max-width: 480px) 100vw, 480px\" \/>\t\t\t\t\t\t\t\t\t\t\t\t\t\t\t<\/div>\n\t\t\t\t<\/div>\n\t\t\t\t\t<\/div>\n\t\t<\/div>\n\t\t\t\t\t<\/div>\n\t\t<\/section>\n\t\t\t\t<\/div>\n\t\t","protected":false},"excerpt":{"rendered":"<p>Appartement t\u00e9moin T4&nbsp;&nbsp; R\u00e9sidence le Clos Naturalia Am\u00e9nagement d&#8217;un appartement T4 de 95 m2 en duplex \u00e0 St Herblain pour le promoteur Edouard Denis.&nbsp; Salon Proposition d&#8217;am\u00e9nagement pour un espace chaleureux et fonctionnel. Chambre enfant Salle \u00e0 manger Une piece de vie accueillante pour de futurs acqu\u00e9reurs.<\/p>\n","protected":false},"author":1,"featured_media":0,"parent":0,"menu_order":0,"comment_status":"closed","ping_status":"closed","template":"","meta":{"footnotes":""},"class_list":["post-869","page","type-page","status-publish","hentry"],"_links":{"self":[{"href":"https:\/\/influenceetcontraste.com\/index.php?rest_route=\/wp\/v2\/pages\/869","targetHints":{"allow":["GET"]}}],"collection":[{"href":"https:\/\/influenceetcontraste.com\/index.php?rest_route=\/wp\/v2\/pages"}],"about":[{"href":"https:\/\/influenceetcontraste.com\/index.php?rest_route=\/wp\/v2\/types\/page"}],"author":[{"embeddable":true,"href":"https:\/\/influenceetcontraste.com\/index.php?rest_route=\/wp\/v2\/users\/1"}],"replies":[{"embeddable":true,"href":"https:\/\/influenceetcontraste.com\/index.php?rest_route=%2Fwp%2Fv2%2Fcomments&post=869"}],"version-history":[{"count":7,"href":"https:\/\/influenceetcontraste.com\/index.php?rest_route=\/wp\/v2\/pages\/869\/revisions"}],"predecessor-version":[{"id":1217,"href":"https:\/\/influenceetcontraste.com\/index.php?rest_route=\/wp\/v2\/pages\/869\/revisions\/1217"}],"wp:attachment":[{"href":"https:\/\/influenceetcontraste.com\/index.php?rest_route=%2Fwp%2Fv2%2Fmedia&parent=869"}],"curies":[{"name":"wp","href":"https:\/\/api.w.org\/{rel}","templated":true}]}}